{"id":1290,"date":"2022-09-13T08:42:17","date_gmt":"2022-09-13T07:42:17","guid":{"rendered":"http:\/\/dairy-dav.hu\/fooldal\/"},"modified":"2022-10-28T14:13:22","modified_gmt":"2022-10-28T12:13:22","slug":"fooldal","status":"publish","type":"page","link":"https:\/\/dairy-dav.hu\/en\/","title":{"rendered":"F\u0151oldal"},"content":{"rendered":"\n<div class=\"wp-block-cover alignfull\" style=\"min-height:600px;aspect-ratio:unset;\"><span aria-hidden=\"true\" class=\"wp-block-cover__background has-background-dim-0 has-background-dim\"><\/span><img decoding=\"async\" class=\"wp-block-cover__image-background wp-image-1469\" alt=\"\" src=\"http:\/\/dairy-dav.hu\/wp-content\/uploads\/2022\/10\/hero_pic1-1.png\" data-object-fit=\"cover\"\/><div class=\"wp-block-cover__inner-container is-layout-flow wp-block-cover-is-layout-flow\">\n<p class=\"has-text-align-center hero-text\">Minden, ami <br\/>a min\u0151s\u00e9gi tejtermel\u00e9shez sz\u00fcks\u00e9ges<\/p>\n<\/div><\/div>\n<div class=\"wp-container-13 is-content-justification-center is-nowrap wp-block-group\"><div class=\"row justify-content-center\">\n\t\t\t<div class=\"col-12 col-sm-4 col-md-3 mb-3\">\n\t\t\t\t<a class=\"wp-container-2 wp-block-column product-category-box\" href=\"https:\/\/dairy-dav.hu\/en\/fejestechnologia-en\">\n\t\t\t\t\t<div><div class=\"wp-container-1 is-content-justification-center is-nowrap wp-block-group\"><figure class=\"wp-block-image size-full\"><img decoding=\"async\" loading=\"lazy\" width=\"81\" height=\"81\" src=\"https:\/\/dairy-dav.hu\/wp-content\/uploads\/2022\/10\/fejestechnologia_icon.png\" alt=\"\" class=\"wp-image-927\"\/><\/figure><\/div><h4 style=\"text-align: center;\">Fej\u00e9stechnol\u00f3gia EN<\/h4>\n\t\t\t\t\t   <p style=\"text-align: center;font-weight:normal\">megtekint\u00e9s<\/p>\n\t\t\t\t\t<\/div>\n\t\t\t\t<\/a>\n\t\t\t<\/div>\n\t\t\n\t\t\t<div class=\"col-12 col-sm-4 col-md-3 mb-3\">\n\t\t\t\t<a class=\"wp-container-2 wp-block-column product-category-box\" href=\"https:\/\/dairy-dav.hu\/en\/tejfeldolgozas-hutestechnologia-en\">\n\t\t\t\t\t<div><div class=\"wp-container-1 is-content-justification-center is-nowrap wp-block-group\"><figure class=\"wp-block-image size-full\"><img decoding=\"async\" loading=\"lazy\" width=\"81\" height=\"81\" src=\"https:\/\/dairy-dav.hu\/wp-content\/uploads\/2022\/10\/hutestechnologia_icon.png\" alt=\"\" class=\"wp-image-927\"\/><\/figure><\/div><h4 style=\"text-align: center;\">Tejfeldolgoz\u00e1s \/ H\u0171t\u00e9stechnol\u00f3gia EN<\/h4>\n\t\t\t\t\t   <p style=\"text-align: center;font-weight:normal\">megtekint\u00e9s<\/p>\n\t\t\t\t\t<\/div>\n\t\t\t\t<\/a>\n\t\t\t<\/div>\n\t\t\n\t\t\t<div class=\"col-12 col-sm-4 col-md-3 mb-3\">\n\t\t\t\t<a class=\"wp-container-2 wp-block-column product-category-box\" href=\"https:\/\/dairy-dav.hu\/en\/tartastechnologia-en\">\n\t\t\t\t\t<div><div class=\"wp-container-1 is-content-justification-center is-nowrap wp-block-group\"><figure class=\"wp-block-image size-full\"><img decoding=\"async\" loading=\"lazy\" width=\"81\" height=\"81\" src=\"https:\/\/dairy-dav.hu\/wp-content\/uploads\/2022\/10\/tartastechnologia_icon.png\" alt=\"\" class=\"wp-image-927\"\/><\/figure><\/div><h4 style=\"text-align: center;\">Tart\u00e1stechnol\u00f3gia EN<\/h4>\n\t\t\t\t\t   <p style=\"text-align: center;font-weight:normal\">megtekint\u00e9s<\/p>\n\t\t\t\t\t<\/div>\n\t\t\t\t<\/a>\n\t\t\t<\/div>\n\t\t\n\t\t\t<div class=\"col-12 col-sm-4 col-md-3 mb-3\">\n\t\t\t\t<a class=\"wp-container-2 wp-block-column product-category-box\" href=\"https:\/\/dairy-dav.hu\/en\/tartas-takarmanyozas-gepei-en\">\n\t\t\t\t\t<div><div class=\"wp-container-1 is-content-justification-center is-nowrap wp-block-group\"><figure class=\"wp-block-image size-full\"><img decoding=\"async\" loading=\"lazy\" width=\"81\" height=\"81\" src=\"https:\/\/dairy-dav.hu\/wp-content\/uploads\/2022\/10\/takarmanyozas_gepei_icon.png\" alt=\"\" class=\"wp-image-927\"\/><\/figure><\/div><h4 style=\"text-align: center;\">Tart\u00e1s \u2013 takarm\u00e1nyoz\u00e1s g\u00e9pei EN<\/h4>\n\t\t\t\t\t   <p style=\"text-align: center;font-weight:normal\">megtekint\u00e9s<\/p>\n\t\t\t\t\t<\/div>\n\t\t\t\t<\/a>\n\t\t\t<\/div>\n\t\t<\/div><\/div>\n\n<div style=\"height:40px\" aria-hidden=\"true\" class=\"wp-block-spacer\"><\/div>\n<p style=\"text-align: center; font-size: 18px; line-height: 1.5;\">Term\u00e9kpalett\u00e1nkon megtal\u00e1lhat\u00f3ak k\u00f6t\u00f6tt \u00e9s szabadtart\u00e1s\u00fa, kis \u00e9s nagy \u00e1llatl\u00e9tsz\u00e1m\u00fa telepekhez sz\u00fcks\u00e9ges g\u00e9pek, berendez\u00e9sek, \u00e1llatteny\u00e9szt\u00e9si seg\u00e9danyagok egyar\u00e1nt. Eur\u00f3pa vezet\u0151 gy\u00e1rt\u00f3it\u00f3l sz\u00e1rmaz\u00f3 berendez\u00e9sek cs\u00facstechnol\u00f3gi\u00e1t val\u00f3s\u00edtanak meg \u2013 ezekb\u0151l a megrendel\u0151 ig\u00e9nyeinek \u00e9s az \u00e1llattart\u00f3 telep adotts\u00e1gainak megfelel\u0151 technol\u00f3giai terveket k\u00e9sz\u00edt\u00fcnk \u00e9s val\u00f3s\u00edtunk meg. Tekintse meg term\u00e9keinket!<\/p>\n\n<div style=\"height:40px\" aria-hidden=\"true\" class=\"wp-block-spacer\"><\/div>\n\n<div class=\"wp-block-buttons is-content-justification-center is-layout-flex wp-container-core-buttons-is-layout-16018d1d wp-block-buttons-is-layout-flex\">\n<div class=\"wp-block-button aligncenter\"><a class=\"wp-block-button__link\" href=\"http:\/\/dairy-dav.hu\/termekek\/\">TERM\u00c9KK\u00cdN\u00c1LATUNK<\/a><\/div>\n<\/div>\n\n<div style=\"height:160px\" aria-hidden=\"true\" class=\"wp-block-spacer\"><\/div>\n\n<div class=\"wp-block-columns is-layout-flex wp-container-core-columns-is-layout-9d6595d7 wp-block-columns-is-layout-flex\">\n<div class=\"wp-block-column is-vertically-aligned-top homepage-about-box is-layout-flow wp-block-column-is-layout-flow\" style=\"flex-basis:40%\">\n<h2>Dairy-D\u00e1v Kft.&nbsp;<\/h2>\n\n\n\n<div style=\"height:40px\" aria-hidden=\"true\" class=\"wp-block-spacer\"><\/div>\n\n\n\n<p>A Dairy-D\u00e1v Kft. 1992 \u00f3ta foglalkozik fej\u0151 \u00e9s h\u0171t\u0151berendez\u00e9sek, ist\u00e1ll\u00f3 \u00e9s tart\u00e1stechnol\u00f3giai g\u00e9pek, berendez\u00e9sek gy\u00e1rt\u00e1s\u00e1val, forgalmaz\u00e1s\u00e1val. <br>Lorem ipsum dolor sit amet, consectetur adipiscing elit, sed do eiusmod tempor incididunt ut labore et dolore magna aliqua. Ut enim ad minim veniam, quis nostrud exercitation ullamco laboris nisi ut aliquip ex ea commodo consequat.<\/p>\n<\/div>\n\n\n\n<div class=\"wp-block-column is-layout-flow wp-block-column-is-layout-flow\" style=\"flex-basis:60%\">\n<figure class=\"wp-block-image size-large\"><img decoding=\"async\" src=\"http:\/\/dairy-dav.hu\/wp-content\/uploads\/2022\/10\/annie-spratt-JMjNnQ2xFoY-unsplash2-1024x576.jpg\" alt=\"\" class=\"wp-image-853\"\/><\/figure>\n<\/div>\n<\/div>\n\n<div class=\"wp-block-buttons is-content-justification-center is-layout-flex wp-container-core-buttons-is-layout-16018d1d wp-block-buttons-is-layout-flex\">\n<div class=\"wp-block-button aligncenter\"><a class=\"wp-block-button__link\" href=\"http:\/\/dairy-dav.hu\/cegunkrol\/\">R\u00d3LUNK<\/a><\/div>\n<\/div>\n\n<div style=\"height:80px\" aria-hidden=\"true\" class=\"wp-block-spacer\"><\/div>\n\n\t<section id=\"yikes-mailchimp-container-1\" class=\"yikes-mailchimp-container yikes-mailchimp-container-1 \">\n\t\t\t\t<form id=\"feliratkozas-1\" class=\"yikes-easy-mc-form yikes-easy-mc-form-1  \" method=\"POST\" data-attr-form-id=\"1\">\n\n\t\t\t\t\t\t\t\t\t\t\t\t\t<label for=\"yikes-easy-mc-form-1-EMAIL\"  class=\"EMAIL-label yikes-mailchimp-field-required \">\n\n\t\t\t\t\t\t\t\t\t\t<!-- dictate label visibility -->\n\t\t\t\t\t\t\t\t\t\t\t\t\t\t\t\t\t\t\t\t\t<span class=\"EMAIL-label\">\n\t\t\t\t\t\t\t\t\t\t\t\tEmail\t\t\t\t\t\t\t\t\t\t\t<\/span>\n\t\t\t\t\t\t\t\t\t\t\n\t\t\t\t\t\t\t\t\t\t<!-- Description Above -->\n\t\t\t\t\t\t\t\t\t\t\n\t\t\t\t\t\t\t\t\t\t<input id=\"yikes-easy-mc-form-1-EMAIL\"  name=\"EMAIL\"  placeholder=\"\"  class=\"yikes-easy-mc-email \"  required=\"required\" type=\"email\"  value=\"\">\n\n\t\t\t\t\t\t\t\t\t\t<!-- Description Below -->\n\t\t\t\t\t\t\t\t\t\t\n\t\t\t\t\t\t\t\t\t<\/label>\n\t\t\t\t\t\t\t\t\t\n\t\t\t\t<!-- Honeypot Trap -->\n\t\t\t\t<input type=\"hidden\" name=\"yikes-mailchimp-honeypot\" id=\"yikes-mailchimp-honeypot-1\" value=\"\">\n\n\t\t\t\t<!-- List ID -->\n\t\t\t\t<input type=\"hidden\" name=\"yikes-mailchimp-associated-list-id\" id=\"yikes-mailchimp-associated-list-id-1\" value=\"4fb8ab815c\">\n\n\t\t\t\t<!-- The form that is being submitted! Used to display error\/success messages above the correct form -->\n\t\t\t\t<input type=\"hidden\" name=\"yikes-mailchimp-submitted-form\" id=\"yikes-mailchimp-submitted-form-1\" value=\"1\">\n\n\t\t\t\t<!-- Submit Button -->\n\t\t\t\t<button type=\"submit\" class=\"yikes-easy-mc-submit-button yikes-easy-mc-submit-button-1 btn btn-primary \"> <span class=\"yikes-mailchimp-submit-button-span-text\">Feliratkoz\u00e1s<\/span><\/button>\t\t\t\t<!-- Nonce Security Check -->\n\t\t\t\t<input type=\"hidden\" id=\"yikes_easy_mc_new_subscriber_1\" name=\"yikes_easy_mc_new_subscriber\" value=\"55e6b91a22\">\n\t\t\t\t<input type=\"hidden\" name=\"_wp_http_referer\" value=\"\/en\/wp-json\/wp\/v2\/pages\/1290\" \/>\t\t\t\t\n\t\t\t<\/form>\n\t\t\t<!-- Mailchimp Form generated by Easy Forms for Mailchimp v6.8.6 (https:\/\/wordpress.org\/plugins\/yikes-inc-easy-mailchimp-extender\/) -->\n\n\t\t\t<\/section>\n\t\n\n<div class=\"wp-block-group has-background\" style=\"background-color:#f0f2f2\"><div class=\"wp-block-group__inner-container is-layout-flow wp-block-group-is-layout-flow\">\n<div class=\"wp-block-columns is-layout-flex wp-container-core-columns-is-layout-9d6595d7 wp-block-columns-is-layout-flex\">\n<div class=\"wp-block-column is-layout-flow wp-block-column-is-layout-flow\" style=\"flex-basis:25%\">\n<div class=\"wp-block-group is-nowrap is-layout-flex wp-container-core-group-is-layout-ad2f72ca wp-block-group-is-layout-flex\">\n<p><br\/><\/p>\n\n\n\n<figure class=\"wp-block-image size-full is-resized\"><img loading=\"lazy\" decoding=\"async\" src=\"http:\/\/dairy-dav.hu\/wp-content\/uploads\/2022\/09\/mail-2.png\" alt=\"\" class=\"wp-image-542\" width=\"81\" height=\"81\"\/><\/figure>\n\n\n\n<p><p2>E-mail <br\/><strong>info@dairy-dav.hu<\/strong><\/p2><\/p>\n<\/div>\n<\/div>\n\n\n\n<div class=\"wp-block-column is-layout-flow wp-block-column-is-layout-flow\" style=\"flex-basis:25%\">\n<div class=\"wp-block-group is-nowrap is-layout-flex wp-container-core-group-is-layout-ad2f72ca wp-block-group-is-layout-flex\">\n<p><br\/><\/p>\n\n\n\n<figure class=\"wp-block-image size-full\"><img loading=\"lazy\" decoding=\"async\" width=\"81\" height=\"81\" src=\"http:\/\/dairy-dav.hu\/wp-content\/uploads\/2022\/09\/phone-1.png\" alt=\"\" class=\"wp-image-524\"\/><\/figure>\n\n\n\n<p><p2>Telefon<br\/><strong>+36 52 781 391<\/strong>  <br\/><strong>+36 30 747 6811<\/strong><\/p2><\/p>\n<\/div>\n<\/div>\n\n\n\n<div class=\"wp-block-column is-layout-flow wp-block-column-is-layout-flow\" style=\"flex-basis:25%\">\n<div class=\"wp-block-group is-nowrap is-layout-flex wp-container-core-group-is-layout-ad2f72ca wp-block-group-is-layout-flex\">\n<p><br\/><\/p>\n\n\n\n<figure class=\"wp-block-image size-full\"><img loading=\"lazy\" decoding=\"async\" width=\"81\" height=\"81\" src=\"http:\/\/dairy-dav.hu\/wp-content\/uploads\/2022\/09\/fax-2.png\" alt=\"\" class=\"wp-image-525\"\/><\/figure>\n\n\n\n<p><p2>Fax<br\/><strong>+36 52 346 917<\/strong><br\/><\/p2><\/p>\n<\/div>\n<\/div>\n\n\n\n<div class=\"wp-block-column is-layout-flow wp-block-column-is-layout-flow\" style=\"flex-basis:25%\">\n<div class=\"wp-block-group is-nowrap is-layout-flex wp-container-core-group-is-layout-ad2f72ca wp-block-group-is-layout-flex\">\n<p><br\/><\/p>\n\n\n\n<figure class=\"wp-block-image size-full\"><img loading=\"lazy\" decoding=\"async\" width=\"81\" height=\"81\" src=\"http:\/\/dairy-dav.hu\/wp-content\/uploads\/2022\/09\/localization-2.png\" alt=\"\" class=\"wp-image-526\"\/><\/figure>\n\n\n\n<p><p2>Dairy-D\u00e1v k\u00f6zpont<br\/><strong>4002 Debrecen, <\/strong><br\/><strong>K\u00e1d\u00e1r d\u0171l\u0151 28\/B.<\/strong><\/p2><\/p>\n<\/div>\n<\/div>\n<\/div>\n<\/div><\/div>\n<p><!-- \/wp:post-content --><\/p>\n","protected":false},"excerpt":{"rendered":"<p>Term\u00e9kpalett\u00e1nkon megtal\u00e1lhat\u00f3ak k\u00f6t\u00f6tt \u00e9s szabadtart\u00e1s\u00fa, kis \u00e9s nagy \u00e1llatl\u00e9tsz\u00e1m\u00fa telepekhez sz\u00fcks\u00e9ges g\u00e9pek, berendez\u00e9sek, \u00e1llatteny\u00e9szt\u00e9si seg\u00e9danyagok egyar\u00e1nt. Eur\u00f3pa vezet\u0151 gy\u00e1rt\u00f3it\u00f3l sz\u00e1rmaz\u00f3 berendez\u00e9sek cs\u00facstechnol\u00f3gi\u00e1t val\u00f3s\u00edtanak meg \u2013 ezekb\u0151l a megrendel\u0151 ig\u00e9nyeinek \u00e9s az \u00e1llattart\u00f3 telep adotts\u00e1gainak megfelel\u0151 technol\u00f3giai terveket k\u00e9sz\u00edt\u00fcnk \u00e9s val\u00f3s\u00edtunk meg. Tekintse meg term\u00e9keinket! Dairy-D\u00e1v Kft.&nbsp; A Dairy-D\u00e1v Kft. 1992 \u00f3ta foglalkozik fej\u0151 \u00e9s h\u0171t\u0151berendez\u00e9sek, [&hellip;]<\/p>\n","protected":false},"author":2,"featured_media":0,"parent":0,"menu_order":0,"comment_status":"closed","ping_status":"closed","template":"","meta":{"footnotes":""},"class_list":["post-1290","page","type-page","status-publish","hentry"],"acf":[],"yoast_head":"<!-- This site is optimized with the Yoast SEO plugin v24.5 - https:\/\/yoast.com\/wordpress\/plugins\/seo\/ -->\n<title>F\u0151oldal - Dairy-D\u00e1v<\/title>\n<meta name=\"robots\" content=\"index, follow, max-snippet:-1, max-image-preview:large, max-video-preview:-1\" \/>\n<link rel=\"canonical\" href=\"https:\/\/dairy-dav.hu\/en\/fooldal\/\" \/>\n<meta property=\"og:locale\" content=\"en_US\" \/>\n<meta property=\"og:type\" content=\"article\" \/>\n<meta property=\"og:title\" content=\"F\u0151oldal - Dairy-D\u00e1v\" \/>\n<meta property=\"og:description\" content=\"Term\u00e9kpalett\u00e1nkon megtal\u00e1lhat\u00f3ak k\u00f6t\u00f6tt \u00e9s szabadtart\u00e1s\u00fa, kis \u00e9s nagy \u00e1llatl\u00e9tsz\u00e1m\u00fa telepekhez sz\u00fcks\u00e9ges g\u00e9pek, berendez\u00e9sek, \u00e1llatteny\u00e9szt\u00e9si seg\u00e9danyagok egyar\u00e1nt. Eur\u00f3pa vezet\u0151 gy\u00e1rt\u00f3it\u00f3l sz\u00e1rmaz\u00f3 berendez\u00e9sek cs\u00facstechnol\u00f3gi\u00e1t val\u00f3s\u00edtanak meg \u2013 ezekb\u0151l a megrendel\u0151 ig\u00e9nyeinek \u00e9s az \u00e1llattart\u00f3 telep adotts\u00e1gainak megfelel\u0151 technol\u00f3giai terveket k\u00e9sz\u00edt\u00fcnk \u00e9s val\u00f3s\u00edtunk meg. Tekintse meg term\u00e9keinket! Dairy-D\u00e1v Kft.&nbsp; A Dairy-D\u00e1v Kft. 1992 \u00f3ta foglalkozik fej\u0151 \u00e9s h\u0171t\u0151berendez\u00e9sek, [&hellip;]\" \/>\n<meta property=\"og:url\" content=\"https:\/\/dairy-dav.hu\/en\/fooldal\/\" \/>\n<meta property=\"og:site_name\" content=\"Dairy-D\u00e1v\" \/>\n<meta property=\"article:modified_time\" content=\"2022-10-28T12:13:22+00:00\" \/>\n<meta property=\"og:image\" content=\"http:\/\/dairy-dav.hu\/wp-content\/uploads\/2022\/10\/hero_pic1-1.png\" \/>\n<meta name=\"twitter:card\" content=\"summary_large_image\" \/>\n<meta name=\"twitter:label1\" content=\"Est. reading time\" \/>\n\t<meta name=\"twitter:data1\" content=\"1 minute\" \/>\n<script type=\"application\/ld+json\" class=\"yoast-schema-graph\">{\"@context\":\"https:\/\/schema.org\",\"@graph\":[{\"@type\":\"WebPage\",\"@id\":\"https:\/\/dairy-dav.hu\/en\/fooldal\/\",\"url\":\"https:\/\/dairy-dav.hu\/en\/fooldal\/\",\"name\":\"F\u0151oldal - Dairy-D\u00e1v\",\"isPartOf\":{\"@id\":\"https:\/\/dairy-dav.hu\/#website\"},\"primaryImageOfPage\":{\"@id\":\"https:\/\/dairy-dav.hu\/en\/fooldal\/#primaryimage\"},\"image\":{\"@id\":\"https:\/\/dairy-dav.hu\/en\/fooldal\/#primaryimage\"},\"thumbnailUrl\":\"http:\/\/dairy-dav.hu\/wp-content\/uploads\/2022\/10\/hero_pic1-1.png\",\"datePublished\":\"2022-09-13T07:42:17+00:00\",\"dateModified\":\"2022-10-28T12:13:22+00:00\",\"breadcrumb\":{\"@id\":\"https:\/\/dairy-dav.hu\/en\/fooldal\/#breadcrumb\"},\"inLanguage\":\"en-US\",\"potentialAction\":[{\"@type\":\"ReadAction\",\"target\":[\"https:\/\/dairy-dav.hu\/en\/fooldal\/\"]}]},{\"@type\":\"ImageObject\",\"inLanguage\":\"en-US\",\"@id\":\"https:\/\/dairy-dav.hu\/en\/fooldal\/#primaryimage\",\"url\":\"http:\/\/dairy-dav.hu\/wp-content\/uploads\/2022\/10\/hero_pic1-1.png\",\"contentUrl\":\"http:\/\/dairy-dav.hu\/wp-content\/uploads\/2022\/10\/hero_pic1-1.png\"},{\"@type\":\"BreadcrumbList\",\"@id\":\"https:\/\/dairy-dav.hu\/en\/fooldal\/#breadcrumb\",\"itemListElement\":[{\"@type\":\"ListItem\",\"position\":1,\"name\":\"Kezd\u0151lap\",\"item\":\"https:\/\/dairy-dav.hu\/en\/fooldal\/\"},{\"@type\":\"ListItem\",\"position\":2,\"name\":\"F\u0151oldal\"}]},{\"@type\":\"WebSite\",\"@id\":\"https:\/\/dairy-dav.hu\/#website\",\"url\":\"https:\/\/dairy-dav.hu\/\",\"name\":\"Dairy-D\u00e1v\",\"description\":\"Dairy-D\u00e1v Kft.\",\"potentialAction\":[{\"@type\":\"SearchAction\",\"target\":{\"@type\":\"EntryPoint\",\"urlTemplate\":\"https:\/\/dairy-dav.hu\/?s={search_term_string}\"},\"query-input\":{\"@type\":\"PropertyValueSpecification\",\"valueRequired\":true,\"valueName\":\"search_term_string\"}}],\"inLanguage\":\"en-US\"}]}<\/script>\n<!-- \/ Yoast SEO plugin. -->","yoast_head_json":{"title":"F\u0151oldal - Dairy-D\u00e1v","robots":{"index":"index","follow":"follow","max-snippet":"max-snippet:-1","max-image-preview":"max-image-preview:large","max-video-preview":"max-video-preview:-1"},"canonical":"https:\/\/dairy-dav.hu\/en\/fooldal\/","og_locale":"en_US","og_type":"article","og_title":"F\u0151oldal - Dairy-D\u00e1v","og_description":"Term\u00e9kpalett\u00e1nkon megtal\u00e1lhat\u00f3ak k\u00f6t\u00f6tt \u00e9s szabadtart\u00e1s\u00fa, kis \u00e9s nagy \u00e1llatl\u00e9tsz\u00e1m\u00fa telepekhez sz\u00fcks\u00e9ges g\u00e9pek, berendez\u00e9sek, \u00e1llatteny\u00e9szt\u00e9si seg\u00e9danyagok egyar\u00e1nt. Eur\u00f3pa vezet\u0151 gy\u00e1rt\u00f3it\u00f3l sz\u00e1rmaz\u00f3 berendez\u00e9sek cs\u00facstechnol\u00f3gi\u00e1t val\u00f3s\u00edtanak meg \u2013 ezekb\u0151l a megrendel\u0151 ig\u00e9nyeinek \u00e9s az \u00e1llattart\u00f3 telep adotts\u00e1gainak megfelel\u0151 technol\u00f3giai terveket k\u00e9sz\u00edt\u00fcnk \u00e9s val\u00f3s\u00edtunk meg. Tekintse meg term\u00e9keinket! Dairy-D\u00e1v Kft.&nbsp; A Dairy-D\u00e1v Kft. 1992 \u00f3ta foglalkozik fej\u0151 \u00e9s h\u0171t\u0151berendez\u00e9sek, [&hellip;]","og_url":"https:\/\/dairy-dav.hu\/en\/fooldal\/","og_site_name":"Dairy-D\u00e1v","article_modified_time":"2022-10-28T12:13:22+00:00","og_image":[{"url":"http:\/\/dairy-dav.hu\/wp-content\/uploads\/2022\/10\/hero_pic1-1.png","type":"","width":"","height":""}],"twitter_card":"summary_large_image","twitter_misc":{"Est. reading time":"1 minute"},"schema":{"@context":"https:\/\/schema.org","@graph":[{"@type":"WebPage","@id":"https:\/\/dairy-dav.hu\/en\/fooldal\/","url":"https:\/\/dairy-dav.hu\/en\/fooldal\/","name":"F\u0151oldal - Dairy-D\u00e1v","isPartOf":{"@id":"https:\/\/dairy-dav.hu\/#website"},"primaryImageOfPage":{"@id":"https:\/\/dairy-dav.hu\/en\/fooldal\/#primaryimage"},"image":{"@id":"https:\/\/dairy-dav.hu\/en\/fooldal\/#primaryimage"},"thumbnailUrl":"http:\/\/dairy-dav.hu\/wp-content\/uploads\/2022\/10\/hero_pic1-1.png","datePublished":"2022-09-13T07:42:17+00:00","dateModified":"2022-10-28T12:13:22+00:00","breadcrumb":{"@id":"https:\/\/dairy-dav.hu\/en\/fooldal\/#breadcrumb"},"inLanguage":"en-US","potentialAction":[{"@type":"ReadAction","target":["https:\/\/dairy-dav.hu\/en\/fooldal\/"]}]},{"@type":"ImageObject","inLanguage":"en-US","@id":"https:\/\/dairy-dav.hu\/en\/fooldal\/#primaryimage","url":"http:\/\/dairy-dav.hu\/wp-content\/uploads\/2022\/10\/hero_pic1-1.png","contentUrl":"http:\/\/dairy-dav.hu\/wp-content\/uploads\/2022\/10\/hero_pic1-1.png"},{"@type":"BreadcrumbList","@id":"https:\/\/dairy-dav.hu\/en\/fooldal\/#breadcrumb","itemListElement":[{"@type":"ListItem","position":1,"name":"Kezd\u0151lap","item":"https:\/\/dairy-dav.hu\/en\/fooldal\/"},{"@type":"ListItem","position":2,"name":"F\u0151oldal"}]},{"@type":"WebSite","@id":"https:\/\/dairy-dav.hu\/#website","url":"https:\/\/dairy-dav.hu\/","name":"Dairy-D\u00e1v","description":"Dairy-D\u00e1v Kft.","potentialAction":[{"@type":"SearchAction","target":{"@type":"EntryPoint","urlTemplate":"https:\/\/dairy-dav.hu\/?s={search_term_string}"},"query-input":{"@type":"PropertyValueSpecification","valueRequired":true,"valueName":"search_term_string"}}],"inLanguage":"en-US"}]}},"_links":{"self":[{"href":"https:\/\/dairy-dav.hu\/en\/wp-json\/wp\/v2\/pages\/1290","targetHints":{"allow":["GET"]}}],"collection":[{"href":"https:\/\/dairy-dav.hu\/en\/wp-json\/wp\/v2\/pages"}],"about":[{"href":"https:\/\/dairy-dav.hu\/en\/wp-json\/wp\/v2\/types\/page"}],"author":[{"embeddable":true,"href":"https:\/\/dairy-dav.hu\/en\/wp-json\/wp\/v2\/users\/2"}],"replies":[{"embeddable":true,"href":"https:\/\/dairy-dav.hu\/en\/wp-json\/wp\/v2\/comments?post=1290"}],"version-history":[{"count":3,"href":"https:\/\/dairy-dav.hu\/en\/wp-json\/wp\/v2\/pages\/1290\/revisions"}],"predecessor-version":[{"id":1553,"href":"https:\/\/dairy-dav.hu\/en\/wp-json\/wp\/v2\/pages\/1290\/revisions\/1553"}],"wp:attachment":[{"href":"https:\/\/dairy-dav.hu\/en\/wp-json\/wp\/v2\/media?parent=1290"}],"curies":[{"name":"wp","href":"https:\/\/api.w.org\/{rel}","templated":true}]}}