{"id":5797,"date":"2022-11-04T11:29:26","date_gmt":"2022-11-04T10:29:26","guid":{"rendered":"https:\/\/dairy-dav.hu\/rotary-halszalkas\/"},"modified":"2024-06-14T09:04:45","modified_gmt":"2024-06-14T08:04:45","slug":"rotary-halszalkas","status":"publish","type":"product","link":"https:\/\/dairy-dav.hu\/en\/rotary-halszalkas\/","title":{"rendered":"Fullwood Rotary Mercury halsz\u00e1lk\u00e1s fej\u0151h\u00e1z"},"content":{"rendered":"\n<div style=\"height:80px\" aria-hidden=\"true\" class=\"wp-block-spacer\"><\/div>\n\n\n\n<div class=\"wp-block-columns is-layout-flex wp-container-core-columns-is-layout-9d6595d7 wp-block-columns-is-layout-flex\">\n<div class=\"wp-block-column is-layout-flow wp-block-column-is-layout-flow\">\n<div class=\"wp-block-columns is-layout-flex wp-container-core-columns-is-layout-9d6595d7 wp-block-columns-is-layout-flex\">\n<div class=\"wp-block-column has-background is-layout-flow wp-block-column-is-layout-flow\" style=\"background-color:#f0f2f2;flex-basis:50%\">\n<div class=\"elementor-element elementor-element-4bef925 elementor-widget elementor-widget-heading\" data-id=\"4bef925\" data-element_type=\"widget\" data-widget_type=\"heading.default\">\n<div class=\"elementor-widget-container\">\n<h3 class=\"elementor-heading-title elementor-size-default\">Fullwood Rotary Mercury forg\u00f3 fej\u0151\u00e1llom\u00e1s\u00a0<\/h3>\n<\/div>\n<\/div>\n\n\n\n<div style=\"height:20px\" aria-hidden=\"true\" class=\"wp-block-spacer\"><\/div>\n\n\n\n<ul>\n<li><strong>Vezet\u00e9k n\u00e9lk\u00fcli kapcsolat<\/strong><br \/>Az adat\u00e1tvitel vezet\u00e9k n\u00e9lk\u00fcli kapcsolaton kereszt\u00fcl t\u00f6rt\u00e9nik. A fekete lemezen l\u00e9v\u0151 ad\u00f3\/vev\u0151 megakad\u00e1lyozza, hogy a forg\u00f3 tetej\u00e9n egy tov\u00e1bbi k\u00f6vet\u0151 \u00e9rintkez\u0151 legyen.<\/li>\n<li><strong>Minden a rozsdamentes ac\u00e9l konzolban<\/strong><br \/>A fej\u0151g\u00e9p \u00f6sszes fej\u0151berendez\u00e9se \u00e9s cs\u00f6vei rejtve vannak. A Fullwood Mercuryban mind a kijelz\u0151, mind a tekercsvet\u0151k egy rozsdamentes ac\u00e9l konzolba vannak integr\u00e1lva. Ez biztos\u00edtja, hogy a fej\u0151\u00e1llom\u00e1s nagyon k\u00e9nyelmesen legyen elrendezve, az \u00e1llom\u00e1s al\u00e1 alapfelszerel\u00e9sk\u00e9nt rozsdamentes ac\u00e9lszoknya is felszerelhet\u0151.<\/li>\n<\/ul>\n<\/div>\n\n\n\n<div class=\"wp-block-column is-layout-flow wp-block-column-is-layout-flow\" style=\"flex-basis:5%\"><\/div>\n\n\n\n<div class=\"wp-block-column is-layout-flow wp-block-column-is-layout-flow\" style=\"flex-basis:45%\">\n<div style=\"height:80px\" aria-hidden=\"true\" class=\"wp-block-spacer\"><\/div>\n\n\n\n<ul>\n<li><strong>Ker\u00e9k \u00e9s kapuk<\/strong><br \/>A hidraulikusan m\u0171k\u00f6dtetett kapuk \u00e9s a nagym\u00e9ret\u0171 ker\u00e9k biztos\u00edtja, hogy a teh\u00e9n gyorsan a hely\u00e9re ker\u00fclj\u00f6n. Ez lehet\u0151v\u00e9 teszi a fej\u0151 sz\u00e1m\u00e1ra, hogy a fej\u0151egys\u00e9g hamarabb l\u00f3gjon al\u00e1.<\/li>\n<li><strong>Bej\u00e1rat<\/strong> <br \/>A tehenek terel\u00e9s\u00e9hez nincs texasi kapu a bej\u00e1ratn\u00e1l. A gy\u00e1rt\u00f3 arra t\u00f6rekszik, hogy min\u00e9l szabadabb legyen teh\u00e9nforgalom.<\/li>\n<li><strong>K\u00e1belcsatorna<\/strong><br \/>A tehenek f\u00f6l\u00f6tt nem l\u00f3g k\u00e1belcsatorna, \u00edgy k\u00f6nnyen el\u00e9rheti az egyes<br \/>poz\u00edci\u00f3t a forg\u00f3\u00e1llom\u00e1son kereszt\u00fcl.&nbsp;<\/li>\n<\/ul>\n<\/div>\n<\/div>\n<\/div>\n<\/div>\n\n\n\n<div style=\"height:20px\" aria-hidden=\"true\" class=\"wp-block-spacer\"><\/div>\n\n\n<div class=\"wp-block-image\">\n<figure class=\"aligncenter size-full\"><img loading=\"lazy\" decoding=\"async\" width=\"320\" height=\"130\" src=\"https:\/\/dairy-dav.hu\/wp-content\/uploads\/2023\/03\/fullwoodlogo-1.jpg\" alt=\"\" class=\"wp-image-8275\" srcset=\"https:\/\/dairy-dav.hu\/wp-content\/uploads\/2023\/03\/fullwoodlogo-1.jpg 320w, https:\/\/dairy-dav.hu\/wp-content\/uploads\/2023\/03\/fullwoodlogo-1-300x122.jpg 300w, https:\/\/dairy-dav.hu\/wp-content\/uploads\/2023\/03\/fullwoodlogo-1-200x81.jpg 200w\" sizes=\"auto, (max-width: 320px) 100vw, 320px\" \/><\/figure>\n<\/div>\n\n\n<div style=\"height:100px\" aria-hidden=\"true\" class=\"wp-block-spacer\"><\/div>\n\n\n\n<div class=\"wp-block-columns is-layout-flex wp-container-core-columns-is-layout-9d6595d7 wp-block-columns-is-layout-flex\">\n<div class=\"wp-block-column is-layout-flow wp-block-column-is-layout-flow\" style=\"flex-basis:75%\">\n<figure class=\"wp-block-image size-large is-style-default\"><img loading=\"lazy\" decoding=\"async\" width=\"1024\" height=\"666\" src=\"https:\/\/dairy-dav.hu\/wp-content\/uploads\/2023\/01\/mercury-1024x666.jpg\" alt=\"\" class=\"wp-image-6790\" srcset=\"https:\/\/dairy-dav.hu\/wp-content\/uploads\/2023\/01\/mercury-1024x666.jpg 1024w, https:\/\/dairy-dav.hu\/wp-content\/uploads\/2023\/01\/mercury-300x195.jpg 300w, https:\/\/dairy-dav.hu\/wp-content\/uploads\/2023\/01\/mercury-768x499.jpg 768w, https:\/\/dairy-dav.hu\/wp-content\/uploads\/2023\/01\/mercury-1536x998.jpg 1536w, https:\/\/dairy-dav.hu\/wp-content\/uploads\/2023\/01\/mercury-200x130.jpg 200w, https:\/\/dairy-dav.hu\/wp-content\/uploads\/2023\/01\/mercury-600x390.jpg 600w, https:\/\/dairy-dav.hu\/wp-content\/uploads\/2023\/01\/mercury.jpg 1920w\" sizes=\"auto, (max-width: 1024px) 100vw, 1024px\" \/><\/figure>\n<\/div>\n\n\n\n<div class=\"wp-block-column is-layout-flow wp-block-column-is-layout-flow\" style=\"flex-basis:5%\"><\/div>\n\n\n\n<div class=\"wp-block-column is-layout-flow wp-block-column-is-layout-flow\" style=\"flex-basis:25%\">\n<h3 class=\"elementor-heading-title elementor-size-default\">Fullwood Rotary Mercury f\u0151bb jellemz\u0151i<\/h3>\n\n\n\n<ul>\n<li>22-50 poz\u00edci\u00f3<\/li>\n<li>Teljesen rozsdamentes ac\u00e9lb\u00f3l k\u00e9sz\u00fclt kivitel<\/li>\n<li>Pozicion\u00e1l\u00e1s bel\u00e9p\u00e9skor texasi kapu n\u00e9lk\u00fcl<\/li>\n<li>Alacsony zajszint<\/li>\n<li>\u00c1llv\u00e1nyvil\u00e1g\u00edt\u00e1s opci\u00f3k\u00e9nt<\/li>\n<\/ul>\n\n\n\n<div style=\"height:40px\" aria-hidden=\"true\" class=\"wp-block-spacer\"><\/div>\n\n\n\n<p><\/p>\n<\/div>\n<\/div>\n\n\n\n<div style=\"height:120px\" aria-hidden=\"true\" class=\"wp-block-spacer\"><\/div>\n\n\n\n<div class=\"wp-block-columns is-layout-flex wp-container-core-columns-is-layout-9d6595d7 wp-block-columns-is-layout-flex\">\n<div class=\"wp-block-column is-layout-flow wp-block-column-is-layout-flow\" style=\"flex-basis:40%\"><\/div>\n\n\n\n<div class=\"wp-block-column is-layout-flow wp-block-column-is-layout-flow\" style=\"flex-basis:20%\">\n<div class=\"wp-block-buttons is-content-justification-center is-layout-flex wp-container-core-buttons-is-layout-16018d1d wp-block-buttons-is-layout-flex\">\n<div class=\"wp-block-button\"><a class=\"wp-block-button__link wp-element-button\" href=\"https:\/\/dairy-dav.hu\/en\/kapcsolat\/\" target=\"_blank\" rel=\"noreferrer noopener\">KAPCSOLAT<\/a><\/div>\n<\/div>\n<\/div>\n\n\n\n<div class=\"wp-block-column is-layout-flow wp-block-column-is-layout-flow\" style=\"flex-basis:40%\"><\/div>\n<\/div>\n\n\n\n<div style=\"height:100px\" aria-hidden=\"true\" class=\"wp-block-spacer\"><\/div>\n\n\n\n<figure class=\"wp-block-gallery has-nested-images columns-default is-cropped wp-block-gallery-1 is-layout-flex wp-block-gallery-is-layout-flex\">\n<figure class=\"wp-block-image size-large\"><img loading=\"lazy\" decoding=\"async\" width=\"1024\" height=\"683\" data-id=\"8975\" src=\"https:\/\/dairy-dav.hu\/wp-content\/uploads\/2023\/08\/Rotary-4.jpg\" alt=\"\" class=\"wp-image-8975\" srcset=\"https:\/\/dairy-dav.hu\/wp-content\/uploads\/2023\/08\/Rotary-4.jpg 1024w, https:\/\/dairy-dav.hu\/wp-content\/uploads\/2023\/08\/Rotary-4-300x200.jpg 300w, https:\/\/dairy-dav.hu\/wp-content\/uploads\/2023\/08\/Rotary-4-768x512.jpg 768w, https:\/\/dairy-dav.hu\/wp-content\/uploads\/2023\/08\/Rotary-4-200x133.jpg 200w, https:\/\/dairy-dav.hu\/wp-content\/uploads\/2023\/08\/Rotary-4-600x400.jpg 600w\" sizes=\"auto, (max-width: 1024px) 100vw, 1024px\" \/><\/figure>\n<\/figure>\n","protected":false},"excerpt":{"rendered":"<p>Fullwood Rotary Mercury forg\u00f3 fej\u0151\u00e1llom\u00e1s\u00a0 Vezet\u00e9k n\u00e9lk\u00fcli kapcsolatAz adat\u00e1tvitel vezet\u00e9k n\u00e9lk\u00fcli kapcsolaton kereszt\u00fcl t\u00f6rt\u00e9nik. A fekete lemezen l\u00e9v\u0151 ad\u00f3\/vev\u0151 megakad\u00e1lyozza, hogy a forg\u00f3 tetej\u00e9n egy tov\u00e1bbi k\u00f6vet\u0151 \u00e9rintkez\u0151 legyen. Minden a rozsdamentes ac\u00e9l konzolbanA fej\u0151g\u00e9p \u00f6sszes fej\u0151berendez\u00e9se \u00e9s cs\u00f6vei rejtve vannak. A Fullwood Mercuryban mind a kijelz\u0151, mind a tekercsvet\u0151k egy rozsdamentes ac\u00e9l konzolba vannak [&hellip;]<\/p>\n","protected":false},"featured_media":8979,"template":"","meta":[],"product_cat":[146],"product_tag":[421],"class_list":["post-5797","product","type-product","status-publish","has-post-thumbnail","hentry","product_cat-rotary-en","product_tag-fullwood-packo-en"],"acf":[],"yoast_head":"<!-- This site is optimized with the Yoast SEO plugin v24.5 - https:\/\/yoast.com\/wordpress\/plugins\/seo\/ -->\n<title>Fullwood Rotary Mercury halsz\u00e1lk\u00e1s fej\u0151h\u00e1z - Dairy-D\u00e1v<\/title>\n<meta name=\"robots\" content=\"index, follow, max-snippet:-1, max-image-preview:large, max-video-preview:-1\" \/>\n<link rel=\"canonical\" href=\"https:\/\/dairy-dav.hu\/en\/rotary-halszalkas\/\" \/>\n<meta property=\"og:locale\" content=\"en_US\" \/>\n<meta property=\"og:type\" content=\"article\" \/>\n<meta property=\"og:title\" content=\"Fullwood Rotary Mercury halsz\u00e1lk\u00e1s fej\u0151h\u00e1z - Dairy-D\u00e1v\" \/>\n<meta property=\"og:description\" content=\"Fullwood Rotary Mercury forg\u00f3 fej\u0151\u00e1llom\u00e1s\u00a0 Vezet\u00e9k n\u00e9lk\u00fcli kapcsolatAz adat\u00e1tvitel vezet\u00e9k n\u00e9lk\u00fcli kapcsolaton kereszt\u00fcl t\u00f6rt\u00e9nik. A fekete lemezen l\u00e9v\u0151 ad\u00f3\/vev\u0151 megakad\u00e1lyozza, hogy a forg\u00f3 tetej\u00e9n egy tov\u00e1bbi k\u00f6vet\u0151 \u00e9rintkez\u0151 legyen. Minden a rozsdamentes ac\u00e9l konzolbanA fej\u0151g\u00e9p \u00f6sszes fej\u0151berendez\u00e9se \u00e9s cs\u00f6vei rejtve vannak. A Fullwood Mercuryban mind a kijelz\u0151, mind a tekercsvet\u0151k egy rozsdamentes ac\u00e9l konzolba vannak [&hellip;]\" \/>\n<meta property=\"og:url\" content=\"https:\/\/dairy-dav.hu\/en\/rotary-halszalkas\/\" \/>\n<meta property=\"og:site_name\" content=\"Dairy-D\u00e1v\" \/>\n<meta property=\"article:modified_time\" content=\"2024-06-14T08:04:45+00:00\" \/>\n<meta property=\"og:image\" content=\"https:\/\/dairy-dav.hu\/wp-content\/uploads\/2022\/11\/Rotary-4.jpg\" \/>\n\t<meta property=\"og:image:width\" content=\"1024\" \/>\n\t<meta property=\"og:image:height\" content=\"683\" \/>\n\t<meta property=\"og:image:type\" content=\"image\/jpeg\" \/>\n<meta name=\"twitter:card\" content=\"summary_large_image\" \/>\n<script type=\"application\/ld+json\" class=\"yoast-schema-graph\">{\"@context\":\"https:\/\/schema.org\",\"@graph\":[{\"@type\":\"WebPage\",\"@id\":\"https:\/\/dairy-dav.hu\/en\/rotary-halszalkas\/\",\"url\":\"https:\/\/dairy-dav.hu\/en\/rotary-halszalkas\/\",\"name\":\"Fullwood Rotary Mercury halsz\u00e1lk\u00e1s fej\u0151h\u00e1z - Dairy-D\u00e1v\",\"isPartOf\":{\"@id\":\"https:\/\/dairy-dav.hu\/#website\"},\"primaryImageOfPage\":{\"@id\":\"https:\/\/dairy-dav.hu\/en\/rotary-halszalkas\/#primaryimage\"},\"image\":{\"@id\":\"https:\/\/dairy-dav.hu\/en\/rotary-halszalkas\/#primaryimage\"},\"thumbnailUrl\":\"https:\/\/dairy-dav.hu\/wp-content\/uploads\/2022\/11\/Rotary-4.jpg\",\"datePublished\":\"2022-11-04T10:29:26+00:00\",\"dateModified\":\"2024-06-14T08:04:45+00:00\",\"breadcrumb\":{\"@id\":\"https:\/\/dairy-dav.hu\/en\/rotary-halszalkas\/#breadcrumb\"},\"inLanguage\":\"en-US\",\"potentialAction\":[{\"@type\":\"ReadAction\",\"target\":[\"https:\/\/dairy-dav.hu\/en\/rotary-halszalkas\/\"]}]},{\"@type\":\"ImageObject\",\"inLanguage\":\"en-US\",\"@id\":\"https:\/\/dairy-dav.hu\/en\/rotary-halszalkas\/#primaryimage\",\"url\":\"https:\/\/dairy-dav.hu\/wp-content\/uploads\/2022\/11\/Rotary-4.jpg\",\"contentUrl\":\"https:\/\/dairy-dav.hu\/wp-content\/uploads\/2022\/11\/Rotary-4.jpg\",\"width\":1024,\"height\":683},{\"@type\":\"BreadcrumbList\",\"@id\":\"https:\/\/dairy-dav.hu\/en\/rotary-halszalkas\/#breadcrumb\",\"itemListElement\":[{\"@type\":\"ListItem\",\"position\":1,\"name\":\"Kezd\u0151lap\",\"item\":\"https:\/\/dairy-dav.hu\/en\/fooldal\/\"},{\"@type\":\"ListItem\",\"position\":2,\"name\":\"\u00dczlet\",\"item\":\"https:\/\/dairy-dav.hu\/?page_id=1076\"},{\"@type\":\"ListItem\",\"position\":3,\"name\":\"Fullwood Rotary Mercury halsz\u00e1lk\u00e1s fej\u0151h\u00e1z\"}]},{\"@type\":\"WebSite\",\"@id\":\"https:\/\/dairy-dav.hu\/#website\",\"url\":\"https:\/\/dairy-dav.hu\/\",\"name\":\"Dairy-D\u00e1v\",\"description\":\"Dairy-D\u00e1v Kft.\",\"potentialAction\":[{\"@type\":\"SearchAction\",\"target\":{\"@type\":\"EntryPoint\",\"urlTemplate\":\"https:\/\/dairy-dav.hu\/?s={search_term_string}\"},\"query-input\":{\"@type\":\"PropertyValueSpecification\",\"valueRequired\":true,\"valueName\":\"search_term_string\"}}],\"inLanguage\":\"en-US\"}]}<\/script>\n<!-- \/ Yoast SEO plugin. -->","yoast_head_json":{"title":"Fullwood Rotary Mercury halsz\u00e1lk\u00e1s fej\u0151h\u00e1z - Dairy-D\u00e1v","robots":{"index":"index","follow":"follow","max-snippet":"max-snippet:-1","max-image-preview":"max-image-preview:large","max-video-preview":"max-video-preview:-1"},"canonical":"https:\/\/dairy-dav.hu\/en\/rotary-halszalkas\/","og_locale":"en_US","og_type":"article","og_title":"Fullwood Rotary Mercury halsz\u00e1lk\u00e1s fej\u0151h\u00e1z - Dairy-D\u00e1v","og_description":"Fullwood Rotary Mercury forg\u00f3 fej\u0151\u00e1llom\u00e1s\u00a0 Vezet\u00e9k n\u00e9lk\u00fcli kapcsolatAz adat\u00e1tvitel vezet\u00e9k n\u00e9lk\u00fcli kapcsolaton kereszt\u00fcl t\u00f6rt\u00e9nik. A fekete lemezen l\u00e9v\u0151 ad\u00f3\/vev\u0151 megakad\u00e1lyozza, hogy a forg\u00f3 tetej\u00e9n egy tov\u00e1bbi k\u00f6vet\u0151 \u00e9rintkez\u0151 legyen. Minden a rozsdamentes ac\u00e9l konzolbanA fej\u0151g\u00e9p \u00f6sszes fej\u0151berendez\u00e9se \u00e9s cs\u00f6vei rejtve vannak. A Fullwood Mercuryban mind a kijelz\u0151, mind a tekercsvet\u0151k egy rozsdamentes ac\u00e9l konzolba vannak [&hellip;]","og_url":"https:\/\/dairy-dav.hu\/en\/rotary-halszalkas\/","og_site_name":"Dairy-D\u00e1v","article_modified_time":"2024-06-14T08:04:45+00:00","og_image":[{"width":1024,"height":683,"url":"https:\/\/dairy-dav.hu\/wp-content\/uploads\/2022\/11\/Rotary-4.jpg","type":"image\/jpeg"}],"twitter_card":"summary_large_image","schema":{"@context":"https:\/\/schema.org","@graph":[{"@type":"WebPage","@id":"https:\/\/dairy-dav.hu\/en\/rotary-halszalkas\/","url":"https:\/\/dairy-dav.hu\/en\/rotary-halszalkas\/","name":"Fullwood Rotary Mercury halsz\u00e1lk\u00e1s fej\u0151h\u00e1z - Dairy-D\u00e1v","isPartOf":{"@id":"https:\/\/dairy-dav.hu\/#website"},"primaryImageOfPage":{"@id":"https:\/\/dairy-dav.hu\/en\/rotary-halszalkas\/#primaryimage"},"image":{"@id":"https:\/\/dairy-dav.hu\/en\/rotary-halszalkas\/#primaryimage"},"thumbnailUrl":"https:\/\/dairy-dav.hu\/wp-content\/uploads\/2022\/11\/Rotary-4.jpg","datePublished":"2022-11-04T10:29:26+00:00","dateModified":"2024-06-14T08:04:45+00:00","breadcrumb":{"@id":"https:\/\/dairy-dav.hu\/en\/rotary-halszalkas\/#breadcrumb"},"inLanguage":"en-US","potentialAction":[{"@type":"ReadAction","target":["https:\/\/dairy-dav.hu\/en\/rotary-halszalkas\/"]}]},{"@type":"ImageObject","inLanguage":"en-US","@id":"https:\/\/dairy-dav.hu\/en\/rotary-halszalkas\/#primaryimage","url":"https:\/\/dairy-dav.hu\/wp-content\/uploads\/2022\/11\/Rotary-4.jpg","contentUrl":"https:\/\/dairy-dav.hu\/wp-content\/uploads\/2022\/11\/Rotary-4.jpg","width":1024,"height":683},{"@type":"BreadcrumbList","@id":"https:\/\/dairy-dav.hu\/en\/rotary-halszalkas\/#breadcrumb","itemListElement":[{"@type":"ListItem","position":1,"name":"Kezd\u0151lap","item":"https:\/\/dairy-dav.hu\/en\/fooldal\/"},{"@type":"ListItem","position":2,"name":"\u00dczlet","item":"https:\/\/dairy-dav.hu\/?page_id=1076"},{"@type":"ListItem","position":3,"name":"Fullwood Rotary Mercury halsz\u00e1lk\u00e1s fej\u0151h\u00e1z"}]},{"@type":"WebSite","@id":"https:\/\/dairy-dav.hu\/#website","url":"https:\/\/dairy-dav.hu\/","name":"Dairy-D\u00e1v","description":"Dairy-D\u00e1v Kft.","potentialAction":[{"@type":"SearchAction","target":{"@type":"EntryPoint","urlTemplate":"https:\/\/dairy-dav.hu\/?s={search_term_string}"},"query-input":{"@type":"PropertyValueSpecification","valueRequired":true,"valueName":"search_term_string"}}],"inLanguage":"en-US"}]}},"_links":{"self":[{"href":"https:\/\/dairy-dav.hu\/en\/wp-json\/wp\/v2\/product\/5797","targetHints":{"allow":["GET"]}}],"collection":[{"href":"https:\/\/dairy-dav.hu\/en\/wp-json\/wp\/v2\/product"}],"about":[{"href":"https:\/\/dairy-dav.hu\/en\/wp-json\/wp\/v2\/types\/product"}],"wp:featuredmedia":[{"embeddable":true,"href":"https:\/\/dairy-dav.hu\/en\/wp-json\/wp\/v2\/media\/8979"}],"wp:attachment":[{"href":"https:\/\/dairy-dav.hu\/en\/wp-json\/wp\/v2\/media?parent=5797"}],"wp:term":[{"taxonomy":"product_cat","embeddable":true,"href":"https:\/\/dairy-dav.hu\/en\/wp-json\/wp\/v2\/product_cat?post=5797"},{"taxonomy":"product_tag","embeddable":true,"href":"https:\/\/dairy-dav.hu\/en\/wp-json\/wp\/v2\/product_tag?post=5797"}],"curies":[{"name":"wp","href":"https:\/\/api.w.org\/{rel}","templated":true}]}}