{"id":1545,"date":"2022-09-13T08:44:46","date_gmt":"2022-09-13T07:44:46","guid":{"rendered":"https:\/\/dairy-dav.hu\/hirek\/"},"modified":"2023-02-02T12:51:03","modified_gmt":"2023-02-02T11:51:03","slug":"hirek","status":"publish","type":"page","link":"https:\/\/dairy-dav.hu\/ro\/hirek\/","title":{"rendered":"H\u00edrek"},"content":{"rendered":"\n<div class=\"wp-block-cover alignfull\" style=\"min-height:500px;aspect-ratio:unset;\"><span aria-hidden=\"true\" class=\"wp-block-cover__background has-background-dim-0 has-background-dim\"><\/span><img loading=\"lazy\" decoding=\"async\" width=\"1920\" height=\"498\" class=\"wp-block-cover__image-background wp-image-7078\" alt=\"\" src=\"https:\/\/dairy-dav.hu\/wp-content\/uploads\/2023\/02\/hero-11-hirek.png\" data-object-fit=\"cover\" srcset=\"https:\/\/dairy-dav.hu\/wp-content\/uploads\/2023\/02\/hero-11-hirek.png 1920w, https:\/\/dairy-dav.hu\/wp-content\/uploads\/2023\/02\/hero-11-hirek-600x156.png 600w, https:\/\/dairy-dav.hu\/wp-content\/uploads\/2023\/02\/hero-11-hirek-300x78.png 300w, https:\/\/dairy-dav.hu\/wp-content\/uploads\/2023\/02\/hero-11-hirek-1024x266.png 1024w, https:\/\/dairy-dav.hu\/wp-content\/uploads\/2023\/02\/hero-11-hirek-768x199.png 768w, https:\/\/dairy-dav.hu\/wp-content\/uploads\/2023\/02\/hero-11-hirek-1536x398.png 1536w, https:\/\/dairy-dav.hu\/wp-content\/uploads\/2023\/02\/hero-11-hirek-200x52.png 200w\" sizes=\"auto, (max-width: 1920px) 100vw, 1920px\" \/><div class=\"wp-block-cover__inner-container is-layout-flow wp-block-cover-is-layout-flow\">\n<p class=\"has-text-align-center hero-text\">H\u00edrek \u00e9s \u00fajdons\u00e1gok<\/p>\n\n\n\n<p class=\"has-text-align-center has-white-color has-text-color\" style=\"font-size:25px\"><strong>a Dairy-D\u00e1v Kft.-n\u00e9l<\/strong><\/p>\n<\/div><\/div>\n\n\n\n<div style=\"height:40px\" aria-hidden=\"true\" class=\"wp-block-spacer\"><\/div>\n\n\n\n<div class=\"wp-block-columns is-layout-flex wp-container-core-columns-is-layout-9d6595d7 wp-block-columns-is-layout-flex\">\n<div class=\"wp-block-column is-layout-flow wp-block-column-is-layout-flow\" style=\"flex-basis:100%\">\n<div class=\"wp-block-query is-layout-flow wp-block-query-is-layout-flow\"><ul class=\"dairy-blog-posts-list wp-block-post-template is-layout-flow wp-block-post-template-is-layout-flow\"><li class=\"wp-block-post post-1492 post type-post status-publish format-standard hentry category-uncategorized-ro\">\n\n\n<h2 class=\"wp-block-post-title\"><a href=\"https:\/\/dairy-dav.hu\/ro\/vizagyas-pihenobox-matrac\/\" target=\"_self\" >V\u00edz\u00e1gyas pihen\u0151box matrac<\/a><\/h2>\n\n<div class=\"wp-block-post-excerpt\"><p class=\"wp-block-post-excerpt__excerpt\">Az \u00faj matracoknak k\u00f6sz\u00f6nhet\u0151en jelent\u0151sen emelkedett a telep tejtermel\u00e9se, 10%-kal n\u0151tt a takarm\u00e1nyfelv\u00e9tel, nagym\u00e9rt\u00e9kben cs\u00f6kkent a szomatikus sejtsz\u00e1m \u00e9s a l\u00e1bv\u00e9g megbeteged\u00e9sek ar\u00e1nya.<\/p><p class=\"wp-block-post-excerpt__more-text\"><a class=\"wp-block-post-excerpt__more-link\" href=\"https:\/\/dairy-dav.hu\/ro\/vizagyas-pihenobox-matrac\/\">tov\u00e1bb<\/a><\/p><\/div>\n<\/li><\/ul>\n\n\n<div style=\"height:65px\" aria-hidden=\"true\" class=\"wp-block-spacer\"><\/div>\n\n\n<\/div>\n<\/div>\n<\/div>\n","protected":false},"excerpt":{"rendered":"","protected":false},"author":2,"featured_media":0,"parent":0,"menu_order":0,"comment_status":"closed","ping_status":"closed","template":"","meta":{"footnotes":""},"class_list":["post-1545","page","type-page","status-publish","hentry"],"acf":[],"yoast_head":"<!-- This site is optimized with the Yoast SEO plugin v24.5 - https:\/\/yoast.com\/wordpress\/plugins\/seo\/ -->\n<title>H\u00edrek - Dairy-D\u00e1v<\/title>\n<meta name=\"robots\" content=\"index, follow, max-snippet:-1, max-image-preview:large, max-video-preview:-1\" \/>\n<link rel=\"canonical\" href=\"https:\/\/dairy-dav.hu\/ro\/hirek\/\" \/>\n<meta property=\"og:locale\" content=\"ro_RO\" \/>\n<meta property=\"og:type\" content=\"article\" \/>\n<meta property=\"og:title\" content=\"H\u00edrek - Dairy-D\u00e1v\" \/>\n<meta property=\"og:url\" content=\"https:\/\/dairy-dav.hu\/ro\/hirek\/\" \/>\n<meta property=\"og:site_name\" content=\"Dairy-D\u00e1v\" \/>\n<meta property=\"article:modified_time\" content=\"2023-02-02T11:51:03+00:00\" \/>\n<meta property=\"og:image\" content=\"https:\/\/dairy-dav.hu\/wp-content\/uploads\/2023\/02\/hero-11-hirek.png\" \/>\n<meta name=\"twitter:card\" content=\"summary_large_image\" \/>\n<meta name=\"twitter:label1\" content=\"Timp estimat pentru citire\" \/>\n\t<meta name=\"twitter:data1\" content=\"1 minut\" \/>\n<script type=\"application\/ld+json\" class=\"yoast-schema-graph\">{\"@context\":\"https:\/\/schema.org\",\"@graph\":[{\"@type\":\"WebPage\",\"@id\":\"https:\/\/dairy-dav.hu\/ro\/hirek\/\",\"url\":\"https:\/\/dairy-dav.hu\/ro\/hirek\/\",\"name\":\"H\u00edrek - Dairy-D\u00e1v\",\"isPartOf\":{\"@id\":\"https:\/\/dairy-dav.hu\/#website\"},\"primaryImageOfPage\":{\"@id\":\"https:\/\/dairy-dav.hu\/ro\/hirek\/#primaryimage\"},\"image\":{\"@id\":\"https:\/\/dairy-dav.hu\/ro\/hirek\/#primaryimage\"},\"thumbnailUrl\":\"https:\/\/dairy-dav.hu\/wp-content\/uploads\/2023\/02\/hero-11-hirek.png\",\"datePublished\":\"2022-09-13T07:44:46+00:00\",\"dateModified\":\"2023-02-02T11:51:03+00:00\",\"breadcrumb\":{\"@id\":\"https:\/\/dairy-dav.hu\/ro\/hirek\/#breadcrumb\"},\"inLanguage\":\"ro-RO\",\"potentialAction\":[{\"@type\":\"ReadAction\",\"target\":[\"https:\/\/dairy-dav.hu\/ro\/hirek\/\"]}]},{\"@type\":\"ImageObject\",\"inLanguage\":\"ro-RO\",\"@id\":\"https:\/\/dairy-dav.hu\/ro\/hirek\/#primaryimage\",\"url\":\"https:\/\/dairy-dav.hu\/wp-content\/uploads\/2023\/02\/hero-11-hirek.png\",\"contentUrl\":\"https:\/\/dairy-dav.hu\/wp-content\/uploads\/2023\/02\/hero-11-hirek.png\"},{\"@type\":\"BreadcrumbList\",\"@id\":\"https:\/\/dairy-dav.hu\/ro\/hirek\/#breadcrumb\",\"itemListElement\":[{\"@type\":\"ListItem\",\"position\":1,\"name\":\"Kezd\u0151lap\",\"item\":\"https:\/\/dairy-dav.hu\/ro\/\"},{\"@type\":\"ListItem\",\"position\":2,\"name\":\"H\u00edrek\"}]},{\"@type\":\"WebSite\",\"@id\":\"https:\/\/dairy-dav.hu\/#website\",\"url\":\"https:\/\/dairy-dav.hu\/\",\"name\":\"Dairy-D\u00e1v\",\"description\":\"Dairy-D\u00e1v Kft.\",\"potentialAction\":[{\"@type\":\"SearchAction\",\"target\":{\"@type\":\"EntryPoint\",\"urlTemplate\":\"https:\/\/dairy-dav.hu\/?s={search_term_string}\"},\"query-input\":{\"@type\":\"PropertyValueSpecification\",\"valueRequired\":true,\"valueName\":\"search_term_string\"}}],\"inLanguage\":\"ro-RO\"}]}<\/script>\n<!-- \/ Yoast SEO plugin. -->","yoast_head_json":{"title":"H\u00edrek - Dairy-D\u00e1v","robots":{"index":"index","follow":"follow","max-snippet":"max-snippet:-1","max-image-preview":"max-image-preview:large","max-video-preview":"max-video-preview:-1"},"canonical":"https:\/\/dairy-dav.hu\/ro\/hirek\/","og_locale":"ro_RO","og_type":"article","og_title":"H\u00edrek - Dairy-D\u00e1v","og_url":"https:\/\/dairy-dav.hu\/ro\/hirek\/","og_site_name":"Dairy-D\u00e1v","article_modified_time":"2023-02-02T11:51:03+00:00","og_image":[{"url":"https:\/\/dairy-dav.hu\/wp-content\/uploads\/2023\/02\/hero-11-hirek.png","type":"","width":"","height":""}],"twitter_card":"summary_large_image","twitter_misc":{"Timp estimat pentru citire":"1 minut"},"schema":{"@context":"https:\/\/schema.org","@graph":[{"@type":"WebPage","@id":"https:\/\/dairy-dav.hu\/ro\/hirek\/","url":"https:\/\/dairy-dav.hu\/ro\/hirek\/","name":"H\u00edrek - Dairy-D\u00e1v","isPartOf":{"@id":"https:\/\/dairy-dav.hu\/#website"},"primaryImageOfPage":{"@id":"https:\/\/dairy-dav.hu\/ro\/hirek\/#primaryimage"},"image":{"@id":"https:\/\/dairy-dav.hu\/ro\/hirek\/#primaryimage"},"thumbnailUrl":"https:\/\/dairy-dav.hu\/wp-content\/uploads\/2023\/02\/hero-11-hirek.png","datePublished":"2022-09-13T07:44:46+00:00","dateModified":"2023-02-02T11:51:03+00:00","breadcrumb":{"@id":"https:\/\/dairy-dav.hu\/ro\/hirek\/#breadcrumb"},"inLanguage":"ro-RO","potentialAction":[{"@type":"ReadAction","target":["https:\/\/dairy-dav.hu\/ro\/hirek\/"]}]},{"@type":"ImageObject","inLanguage":"ro-RO","@id":"https:\/\/dairy-dav.hu\/ro\/hirek\/#primaryimage","url":"https:\/\/dairy-dav.hu\/wp-content\/uploads\/2023\/02\/hero-11-hirek.png","contentUrl":"https:\/\/dairy-dav.hu\/wp-content\/uploads\/2023\/02\/hero-11-hirek.png"},{"@type":"BreadcrumbList","@id":"https:\/\/dairy-dav.hu\/ro\/hirek\/#breadcrumb","itemListElement":[{"@type":"ListItem","position":1,"name":"Kezd\u0151lap","item":"https:\/\/dairy-dav.hu\/ro\/"},{"@type":"ListItem","position":2,"name":"H\u00edrek"}]},{"@type":"WebSite","@id":"https:\/\/dairy-dav.hu\/#website","url":"https:\/\/dairy-dav.hu\/","name":"Dairy-D\u00e1v","description":"Dairy-D\u00e1v Kft.","potentialAction":[{"@type":"SearchAction","target":{"@type":"EntryPoint","urlTemplate":"https:\/\/dairy-dav.hu\/?s={search_term_string}"},"query-input":{"@type":"PropertyValueSpecification","valueRequired":true,"valueName":"search_term_string"}}],"inLanguage":"ro-RO"}]}},"_links":{"self":[{"href":"https:\/\/dairy-dav.hu\/ro\/wp-json\/wp\/v2\/pages\/1545","targetHints":{"allow":["GET"]}}],"collection":[{"href":"https:\/\/dairy-dav.hu\/ro\/wp-json\/wp\/v2\/pages"}],"about":[{"href":"https:\/\/dairy-dav.hu\/ro\/wp-json\/wp\/v2\/types\/page"}],"author":[{"embeddable":true,"href":"https:\/\/dairy-dav.hu\/ro\/wp-json\/wp\/v2\/users\/2"}],"replies":[{"embeddable":true,"href":"https:\/\/dairy-dav.hu\/ro\/wp-json\/wp\/v2\/comments?post=1545"}],"version-history":[{"count":32,"href":"https:\/\/dairy-dav.hu\/ro\/wp-json\/wp\/v2\/pages\/1545\/revisions"}],"predecessor-version":[{"id":7084,"href":"https:\/\/dairy-dav.hu\/ro\/wp-json\/wp\/v2\/pages\/1545\/revisions\/7084"}],"wp:attachment":[{"href":"https:\/\/dairy-dav.hu\/ro\/wp-json\/wp\/v2\/media?parent=1545"}],"curies":[{"name":"wp","href":"https:\/\/api.w.org\/{rel}","templated":true}]}}