{"id":1582,"date":"2022-09-13T08:45:56","date_gmt":"2022-09-13T07:45:56","guid":{"rendered":"https:\/\/dairy-dav.hu\/kapcsolat\/"},"modified":"2023-02-02T14:11:23","modified_gmt":"2023-02-02T13:11:23","slug":"kapcsolat","status":"publish","type":"page","link":"https:\/\/dairy-dav.hu\/ro\/kapcsolat\/","title":{"rendered":"Kapcsolat"},"content":{"rendered":"\n<div class=\"wp-block-cover alignfull\" style=\"min-height:500px;aspect-ratio:unset;\"><span aria-hidden=\"true\" class=\"wp-block-cover__background has-background-dim-0 has-background-dim\"><\/span><img loading=\"lazy\" decoding=\"async\" width=\"1920\" height=\"498\" class=\"wp-block-cover__image-background wp-image-7091\" alt=\"\" src=\"https:\/\/dairy-dav.hu\/wp-content\/uploads\/2023\/02\/hero-13-kapcsolat.png\" data-object-fit=\"cover\" srcset=\"https:\/\/dairy-dav.hu\/wp-content\/uploads\/2023\/02\/hero-13-kapcsolat.png 1920w, https:\/\/dairy-dav.hu\/wp-content\/uploads\/2023\/02\/hero-13-kapcsolat-600x156.png 600w, https:\/\/dairy-dav.hu\/wp-content\/uploads\/2023\/02\/hero-13-kapcsolat-300x78.png 300w, https:\/\/dairy-dav.hu\/wp-content\/uploads\/2023\/02\/hero-13-kapcsolat-1024x266.png 1024w, https:\/\/dairy-dav.hu\/wp-content\/uploads\/2023\/02\/hero-13-kapcsolat-768x199.png 768w, https:\/\/dairy-dav.hu\/wp-content\/uploads\/2023\/02\/hero-13-kapcsolat-1536x398.png 1536w, https:\/\/dairy-dav.hu\/wp-content\/uploads\/2023\/02\/hero-13-kapcsolat-200x52.png 200w\" sizes=\"auto, (max-width: 1920px) 100vw, 1920px\" \/><div class=\"wp-block-cover__inner-container is-layout-flow wp-block-cover-is-layout-flow\">\n<p class=\"has-text-align-center hero-text\">Kapcsolat<\/p>\n\n\n\n<p class=\"has-text-align-center\"><strong>Dairy-D\u00e1v<\/strong><\/p>\n<\/div><\/div>\n\n\n\n<div class=\"wp-block-group\"><div class=\"wp-block-group__inner-container is-layout-flow wp-block-group-is-layout-flow\">\n<div class=\"wp-block-columns is-layout-flex wp-container-core-columns-is-layout-9d6595d7 wp-block-columns-is-layout-flex\">\n<div class=\"wp-block-column is-vertically-aligned-top is-layout-flow wp-block-column-is-layout-flow\" style=\"flex-basis:100%\">\n<div class=\"wp-block-group\"><div class=\"wp-block-group__inner-container is-layout-flow wp-block-group-is-layout-flow\">\n<div style=\"height:80px\" aria-hidden=\"true\" class=\"wp-block-spacer\"><\/div>\n<\/div><\/div>\n\n\n\n<div class=\"wp-block-group\"><div class=\"wp-block-group__inner-container is-layout-flow wp-block-group-is-layout-flow\">\n<div class=\"wp-block-columns is-layout-flex wp-container-core-columns-is-layout-9d6595d7 wp-block-columns-is-layout-flex\">\n<div class=\"wp-block-column is-layout-flow wp-block-column-is-layout-flow\" style=\"flex-basis:33.33%\">\n<div class=\"wp-block-columns is-layout-flex wp-container-core-columns-is-layout-9d6595d7 wp-block-columns-is-layout-flex\">\n<div class=\"wp-block-column is-layout-flow wp-block-column-is-layout-flow\">\n<h1>K\u00e9rd\u00e9se van?<\/h1>\n<h1>\u00cdrja meg!<\/h1>\n\n\n\n<div style=\"height:40px\" aria-hidden=\"true\" class=\"wp-block-spacer\"><\/div>\n\n\n\n<p>Egyedi megold\u00e1sra van sz\u00fcks\u00e9ge \u00e9s aj\u00e1nlatot szeretne k\u00e9rni? Esetleg k\u00e9rd\u00e9se van term\u00e9keinkkel vagy szolg\u00e1ltat\u00e1sainkkal kapcsolatban? <\/p>\n<p>T\u00f6ltse ki a kapcsolati \u0171rlapot \u00e9s k\u00fcldje el \u00fczenet\u00e9t vagy l\u00e9pjen vel\u00fcnk kapcsolatba a lenti el\u00e9rhet\u0151s\u00e9geink b\u00e1rmelyik\u00e9n!&nbsp;<\/p>\n<p>Szak\u00e9rt\u0151 koll\u00e9g\u00e1ink seg\u00edtenek megtal\u00e1lni az legide\u00e1lisabb megold\u00e1st egyedi ig\u00e9nyek eset\u00e9n is.<\/p>\n<\/div>\n<\/div>\n<\/div>\n\n\n\n<div class=\"wp-block-column is-layout-flow wp-block-column-is-layout-flow\" style=\"flex-basis:66.66%\">\n<div class=\"wp-block-contact-form-7-contact-form-selector\">\n<div class=\"wpcf7 no-js\" id=\"wpcf7-f366-o1\" lang=\"hu-HU\" dir=\"ltr\" data-wpcf7-id=\"366\">\n<div class=\"screen-reader-response\"><p role=\"status\" aria-live=\"polite\" aria-atomic=\"true\"><\/p> <ul><\/ul><\/div>\n<form action=\"\/ro\/wp-json\/wp\/v2\/pages\/1582#wpcf7-f366-o1\" method=\"post\" class=\"wpcf7-form init wpcf7-acceptance-as-validation\" aria-label=\"Kapcsolatfelv\u00e9teli \u0171rlap\" novalidate=\"novalidate\" data-status=\"init\">\n<div style=\"display: none;\">\n<input type=\"hidden\" name=\"_wpcf7\" value=\"366\" \/>\n<input type=\"hidden\" name=\"_wpcf7_version\" value=\"6.0.4\" \/>\n<input type=\"hidden\" name=\"_wpcf7_locale\" value=\"hu_HU\" \/>\n<input type=\"hidden\" name=\"_wpcf7_unit_tag\" value=\"wpcf7-f366-o1\" \/>\n<input type=\"hidden\" name=\"_wpcf7_container_post\" value=\"0\" \/>\n<input type=\"hidden\" name=\"_wpcf7_posted_data_hash\" value=\"\" \/>\n<\/div>\n<p><label> N\u00e9v<br \/>\n<span class=\"wpcf7-form-control-wrap\" data-name=\"your-name\"><input size=\"40\" maxlength=\"400\" class=\"wpcf7-form-control wpcf7-text wpcf7-validates-as-required\" aria-required=\"true\" aria-invalid=\"false\" value=\"\" type=\"text\" name=\"your-name\" \/><\/span> <\/label>\n<\/p>\n<p><label> E-mail c\u00edm<br \/>\n<span class=\"wpcf7-form-control-wrap\" data-name=\"your-email\"><input size=\"40\" maxlength=\"400\" class=\"wpcf7-form-control wpcf7-email wpcf7-validates-as-required wpcf7-text wpcf7-validates-as-email\" aria-required=\"true\" aria-invalid=\"false\" value=\"\" type=\"email\" name=\"your-email\" \/><\/span> <\/label>\n<\/p>\n<p><label> \u00dczenet<br \/>\n<span class=\"wpcf7-form-control-wrap\" data-name=\"your-message\"><textarea cols=\"40\" rows=\"10\" maxlength=\"2000\" class=\"wpcf7-form-control wpcf7-textarea\" aria-invalid=\"false\" name=\"your-message\"><\/textarea><\/span> <\/label>\n<\/p>\n<p><span class=\"wpcf7-form-control-wrap\" data-name=\"content-checkbox\"><span class=\"wpcf7-form-control wpcf7-acceptance\"><span class=\"wpcf7-list-item\"><label><input type=\"checkbox\" name=\"content-checkbox\" value=\"1\" aria-invalid=\"false\" \/><span class=\"wpcf7-list-item-label\">Elolvastam \u00e9s elfogadom az <a href=\"\/adatkezelesi-tajekoztato\" class=\"contact-checkbox-link\">adatv\u00e9delmi \u00e9s adatkezel\u00e9si szab\u00e1lyzatot<\/a>.<\/span><\/label><\/span><\/span><\/span>\n<\/p>\n<p><input class=\"wpcf7-form-control wpcf7-submit has-spinner\" type=\"submit\" value=\"\u00dczenet k\u00fcld\u00e9se\" \/>\n<\/p><p style=\"display: none !important;\" class=\"akismet-fields-container\" data-prefix=\"_wpcf7_ak_\"><label>&#916;<textarea name=\"_wpcf7_ak_hp_textarea\" cols=\"45\" rows=\"8\" maxlength=\"100\"><\/textarea><\/label><input type=\"hidden\" id=\"ak_js_1\" name=\"_wpcf7_ak_js\" value=\"92\"\/><script>document.getElementById( \"ak_js_1\" ).setAttribute( \"value\", ( new Date() ).getTime() );<\/script><\/p><div class=\"wpcf7-response-output\" aria-hidden=\"true\"><\/div>\n<\/form>\n<\/div>\n<\/div>\n<\/div>\n<\/div>\n<\/div><\/div>\n<\/div>\n<\/div>\n<\/div><\/div>\n\n\n\n<div style=\"height:40px\" aria-hidden=\"true\" class=\"wp-block-spacer\"><\/div>\n\n\n\n<div class=\"wp-block-columns dairy-contacts is-layout-flex wp-container-core-columns-is-layout-9d6595d7 wp-block-columns-is-layout-flex\">\n<div class=\"wp-block-column has-grey-background-color has-background is-layout-flow wp-block-column-is-layout-flow\">\n<h2>Dairy-D\u00e1v el\u00e9rhet\u0151s\u00e9gek<\/h2>\n\n\n\n<div style=\"height:40px\" aria-hidden=\"true\" class=\"wp-block-spacer\"><\/div>\n\n\n\n<div class=\"wp-block-group is-nowrap is-layout-flex wp-container-core-group-is-layout-ad2f72ca wp-block-group-is-layout-flex\">\n<div class=\"wp-block-group is-nowrap is-layout-flex wp-container-core-group-is-layout-ad2f72ca wp-block-group-is-layout-flex\">\n<figure class=\"wp-block-image size-full is-resized\"><img loading=\"lazy\" decoding=\"async\" src=\"http:\/\/dairy-dav.hu\/wp-content\/uploads\/2022\/09\/mail-2.png\" alt=\"\" class=\"wp-image-542\" width=\"81\" height=\"81\"\/><\/figure>\n\n\n\n<p><p2>E-mail<br><strong>info@dairy-dav.hu<\/strong><\/p2><\/p>\n<\/div>\n<\/div>\n\n\n\n<div class=\"wp-block-group is-nowrap is-layout-flex wp-container-core-group-is-layout-ad2f72ca wp-block-group-is-layout-flex\">\n<figure class=\"wp-block-image size-full\"><img loading=\"lazy\" decoding=\"async\" width=\"81\" height=\"81\" src=\"http:\/\/dairy-dav.hu\/wp-content\/uploads\/2022\/09\/phone-1.png\" alt=\"\" class=\"wp-image-524\"\/><\/figure>\n\n\n\n<p><p2>Telefon<br><strong>+36 52 781 391<\/strong>  <br><strong>+36 30 747 6811<\/strong><\/p2><\/p>\n<\/div>\n\n\n\n<div class=\"wp-block-group is-nowrap is-layout-flex wp-container-core-group-is-layout-ad2f72ca wp-block-group-is-layout-flex\">\n<figure class=\"wp-block-image size-full\"><img loading=\"lazy\" decoding=\"async\" width=\"81\" height=\"81\" src=\"http:\/\/dairy-dav.hu\/wp-content\/uploads\/2022\/09\/fax-2.png\" alt=\"\" class=\"wp-image-525\"\/><\/figure>\n\n\n\n<p><p2>Fax<br><strong>+36 52 346 917<\/strong><\/p2><\/p>\n<\/div>\n\n\n\n<div class=\"wp-block-group is-nowrap is-layout-flex wp-container-core-group-is-layout-ad2f72ca wp-block-group-is-layout-flex\">\n<figure class=\"wp-block-image size-full\"><img loading=\"lazy\" decoding=\"async\" width=\"81\" height=\"81\" src=\"http:\/\/dairy-dav.hu\/wp-content\/uploads\/2022\/09\/localization-2.png\" alt=\"\" class=\"wp-image-526\"\/><\/figure>\n\n\n\n<p><p2>Dairy-D\u00e1v k\u00f6zpont<br><strong>4002 Debrecen, <\/strong><br><strong>K\u00e1d\u00e1r d\u0171l\u0151 28\/B.<\/strong><\/p2><\/p>\n<\/div>\n<\/div>\n<\/div>\n\n\n\n<iframe width=\"1000\" height=\"600\" style=\"border:0\" loading=\"lazy\" allowfullscreen=\"\" referrerpolicy=\"no-referrer-when-downgrade\" filter=\"grayscale 100%\" src=\"https:\/\/www.google.com\/maps\/embed?pb=!1m18!1m12!1m3!1d1904.5870143340082!2d21.486157242481724!3d47.538737044816294!2m3!1f0!2f0!3f0!3m2!1i1024!2i768!4f13.1!3m3!1m2!1s0x0%3A0x3e3d0f3b88e07889!2zNDfCsDMyJzE5LjkiTiAyMcKwMjknMTQuMSJF!5e0!3m2!1shu!2shu!4v1664257336265!5m2!1shu!2shu\" <=\"\" iframe=\"\"><\/iframe>\n","protected":false},"excerpt":{"rendered":"<p>K\u00e9rd\u00e9se van? \u00cdrja meg! Egyedi megold\u00e1sra van sz\u00fcks\u00e9ge \u00e9s aj\u00e1nlatot szeretne k\u00e9rni? Esetleg k\u00e9rd\u00e9se van term\u00e9keinkkel vagy szolg\u00e1ltat\u00e1sainkkal kapcsolatban? T\u00f6ltse ki a kapcsolati \u0171rlapot \u00e9s k\u00fcldje el \u00fczenet\u00e9t vagy l\u00e9pjen vel\u00fcnk kapcsolatba a lenti el\u00e9rhet\u0151s\u00e9geink b\u00e1rmelyik\u00e9n!&nbsp; Szak\u00e9rt\u0151 koll\u00e9g\u00e1ink seg\u00edtenek megtal\u00e1lni az legide\u00e1lisabb megold\u00e1st egyedi ig\u00e9nyek eset\u00e9n is. Dairy-D\u00e1v el\u00e9rhet\u0151s\u00e9gek E-mailinfo@dairy-dav.hu Telefon+36 52 781 391 +36 [&hellip;]<\/p>\n","protected":false},"author":2,"featured_media":0,"parent":0,"menu_order":0,"comment_status":"closed","ping_status":"closed","template":"","meta":{"footnotes":""},"class_list":["post-1582","page","type-page","status-publish","hentry"],"acf":[],"yoast_head":"<!-- This site is optimized with the Yoast SEO plugin v24.5 - https:\/\/yoast.com\/wordpress\/plugins\/seo\/ -->\n<title>Kapcsolat - Dairy-D\u00e1v<\/title>\n<meta name=\"robots\" content=\"index, follow, max-snippet:-1, max-image-preview:large, max-video-preview:-1\" \/>\n<link rel=\"canonical\" href=\"https:\/\/dairy-dav.hu\/ro\/kapcsolat\/\" \/>\n<meta property=\"og:locale\" content=\"ro_RO\" \/>\n<meta property=\"og:type\" content=\"article\" \/>\n<meta property=\"og:title\" content=\"Kapcsolat - Dairy-D\u00e1v\" \/>\n<meta property=\"og:description\" content=\"K\u00e9rd\u00e9se van? \u00cdrja meg! Egyedi megold\u00e1sra van sz\u00fcks\u00e9ge \u00e9s aj\u00e1nlatot szeretne k\u00e9rni? Esetleg k\u00e9rd\u00e9se van term\u00e9keinkkel vagy szolg\u00e1ltat\u00e1sainkkal kapcsolatban? T\u00f6ltse ki a kapcsolati \u0171rlapot \u00e9s k\u00fcldje el \u00fczenet\u00e9t vagy l\u00e9pjen vel\u00fcnk kapcsolatba a lenti el\u00e9rhet\u0151s\u00e9geink b\u00e1rmelyik\u00e9n!&nbsp; Szak\u00e9rt\u0151 koll\u00e9g\u00e1ink seg\u00edtenek megtal\u00e1lni az legide\u00e1lisabb megold\u00e1st egyedi ig\u00e9nyek eset\u00e9n is. Dairy-D\u00e1v el\u00e9rhet\u0151s\u00e9gek E-mailinfo@dairy-dav.hu Telefon+36 52 781 391 +36 [&hellip;]\" \/>\n<meta property=\"og:url\" content=\"https:\/\/dairy-dav.hu\/ro\/kapcsolat\/\" \/>\n<meta property=\"og:site_name\" content=\"Dairy-D\u00e1v\" \/>\n<meta property=\"article:modified_time\" content=\"2023-02-02T13:11:23+00:00\" \/>\n<meta property=\"og:image\" content=\"https:\/\/dairy-dav.hu\/wp-content\/uploads\/2023\/02\/hero-13-kapcsolat.png\" \/>\n<meta name=\"twitter:card\" content=\"summary_large_image\" \/>\n<meta name=\"twitter:label1\" content=\"Timp estimat pentru citire\" \/>\n\t<meta name=\"twitter:data1\" content=\"2 minute\" \/>\n<script type=\"application\/ld+json\" class=\"yoast-schema-graph\">{\"@context\":\"https:\/\/schema.org\",\"@graph\":[{\"@type\":\"WebPage\",\"@id\":\"https:\/\/dairy-dav.hu\/ro\/kapcsolat\/\",\"url\":\"https:\/\/dairy-dav.hu\/ro\/kapcsolat\/\",\"name\":\"Kapcsolat - Dairy-D\u00e1v\",\"isPartOf\":{\"@id\":\"https:\/\/dairy-dav.hu\/#website\"},\"primaryImageOfPage\":{\"@id\":\"https:\/\/dairy-dav.hu\/ro\/kapcsolat\/#primaryimage\"},\"image\":{\"@id\":\"https:\/\/dairy-dav.hu\/ro\/kapcsolat\/#primaryimage\"},\"thumbnailUrl\":\"https:\/\/dairy-dav.hu\/wp-content\/uploads\/2023\/02\/hero-13-kapcsolat.png\",\"datePublished\":\"2022-09-13T07:45:56+00:00\",\"dateModified\":\"2023-02-02T13:11:23+00:00\",\"breadcrumb\":{\"@id\":\"https:\/\/dairy-dav.hu\/ro\/kapcsolat\/#breadcrumb\"},\"inLanguage\":\"ro-RO\",\"potentialAction\":[{\"@type\":\"ReadAction\",\"target\":[\"https:\/\/dairy-dav.hu\/ro\/kapcsolat\/\"]}]},{\"@type\":\"ImageObject\",\"inLanguage\":\"ro-RO\",\"@id\":\"https:\/\/dairy-dav.hu\/ro\/kapcsolat\/#primaryimage\",\"url\":\"https:\/\/dairy-dav.hu\/wp-content\/uploads\/2023\/02\/hero-13-kapcsolat.png\",\"contentUrl\":\"https:\/\/dairy-dav.hu\/wp-content\/uploads\/2023\/02\/hero-13-kapcsolat.png\"},{\"@type\":\"BreadcrumbList\",\"@id\":\"https:\/\/dairy-dav.hu\/ro\/kapcsolat\/#breadcrumb\",\"itemListElement\":[{\"@type\":\"ListItem\",\"position\":1,\"name\":\"Kezd\u0151lap\",\"item\":\"https:\/\/dairy-dav.hu\/ro\/\"},{\"@type\":\"ListItem\",\"position\":2,\"name\":\"Kapcsolat\"}]},{\"@type\":\"WebSite\",\"@id\":\"https:\/\/dairy-dav.hu\/#website\",\"url\":\"https:\/\/dairy-dav.hu\/\",\"name\":\"Dairy-D\u00e1v\",\"description\":\"Dairy-D\u00e1v Kft.\",\"potentialAction\":[{\"@type\":\"SearchAction\",\"target\":{\"@type\":\"EntryPoint\",\"urlTemplate\":\"https:\/\/dairy-dav.hu\/?s={search_term_string}\"},\"query-input\":{\"@type\":\"PropertyValueSpecification\",\"valueRequired\":true,\"valueName\":\"search_term_string\"}}],\"inLanguage\":\"ro-RO\"}]}<\/script>\n<!-- \/ Yoast SEO plugin. -->","yoast_head_json":{"title":"Kapcsolat - Dairy-D\u00e1v","robots":{"index":"index","follow":"follow","max-snippet":"max-snippet:-1","max-image-preview":"max-image-preview:large","max-video-preview":"max-video-preview:-1"},"canonical":"https:\/\/dairy-dav.hu\/ro\/kapcsolat\/","og_locale":"ro_RO","og_type":"article","og_title":"Kapcsolat - Dairy-D\u00e1v","og_description":"K\u00e9rd\u00e9se van? \u00cdrja meg! Egyedi megold\u00e1sra van sz\u00fcks\u00e9ge \u00e9s aj\u00e1nlatot szeretne k\u00e9rni? Esetleg k\u00e9rd\u00e9se van term\u00e9keinkkel vagy szolg\u00e1ltat\u00e1sainkkal kapcsolatban? T\u00f6ltse ki a kapcsolati \u0171rlapot \u00e9s k\u00fcldje el \u00fczenet\u00e9t vagy l\u00e9pjen vel\u00fcnk kapcsolatba a lenti el\u00e9rhet\u0151s\u00e9geink b\u00e1rmelyik\u00e9n!&nbsp; Szak\u00e9rt\u0151 koll\u00e9g\u00e1ink seg\u00edtenek megtal\u00e1lni az legide\u00e1lisabb megold\u00e1st egyedi ig\u00e9nyek eset\u00e9n is. Dairy-D\u00e1v el\u00e9rhet\u0151s\u00e9gek E-mailinfo@dairy-dav.hu Telefon+36 52 781 391 +36 [&hellip;]","og_url":"https:\/\/dairy-dav.hu\/ro\/kapcsolat\/","og_site_name":"Dairy-D\u00e1v","article_modified_time":"2023-02-02T13:11:23+00:00","og_image":[{"url":"https:\/\/dairy-dav.hu\/wp-content\/uploads\/2023\/02\/hero-13-kapcsolat.png","type":"","width":"","height":""}],"twitter_card":"summary_large_image","twitter_misc":{"Timp estimat pentru citire":"2 minute"},"schema":{"@context":"https:\/\/schema.org","@graph":[{"@type":"WebPage","@id":"https:\/\/dairy-dav.hu\/ro\/kapcsolat\/","url":"https:\/\/dairy-dav.hu\/ro\/kapcsolat\/","name":"Kapcsolat - Dairy-D\u00e1v","isPartOf":{"@id":"https:\/\/dairy-dav.hu\/#website"},"primaryImageOfPage":{"@id":"https:\/\/dairy-dav.hu\/ro\/kapcsolat\/#primaryimage"},"image":{"@id":"https:\/\/dairy-dav.hu\/ro\/kapcsolat\/#primaryimage"},"thumbnailUrl":"https:\/\/dairy-dav.hu\/wp-content\/uploads\/2023\/02\/hero-13-kapcsolat.png","datePublished":"2022-09-13T07:45:56+00:00","dateModified":"2023-02-02T13:11:23+00:00","breadcrumb":{"@id":"https:\/\/dairy-dav.hu\/ro\/kapcsolat\/#breadcrumb"},"inLanguage":"ro-RO","potentialAction":[{"@type":"ReadAction","target":["https:\/\/dairy-dav.hu\/ro\/kapcsolat\/"]}]},{"@type":"ImageObject","inLanguage":"ro-RO","@id":"https:\/\/dairy-dav.hu\/ro\/kapcsolat\/#primaryimage","url":"https:\/\/dairy-dav.hu\/wp-content\/uploads\/2023\/02\/hero-13-kapcsolat.png","contentUrl":"https:\/\/dairy-dav.hu\/wp-content\/uploads\/2023\/02\/hero-13-kapcsolat.png"},{"@type":"BreadcrumbList","@id":"https:\/\/dairy-dav.hu\/ro\/kapcsolat\/#breadcrumb","itemListElement":[{"@type":"ListItem","position":1,"name":"Kezd\u0151lap","item":"https:\/\/dairy-dav.hu\/ro\/"},{"@type":"ListItem","position":2,"name":"Kapcsolat"}]},{"@type":"WebSite","@id":"https:\/\/dairy-dav.hu\/#website","url":"https:\/\/dairy-dav.hu\/","name":"Dairy-D\u00e1v","description":"Dairy-D\u00e1v Kft.","potentialAction":[{"@type":"SearchAction","target":{"@type":"EntryPoint","urlTemplate":"https:\/\/dairy-dav.hu\/?s={search_term_string}"},"query-input":{"@type":"PropertyValueSpecification","valueRequired":true,"valueName":"search_term_string"}}],"inLanguage":"ro-RO"}]}},"_links":{"self":[{"href":"https:\/\/dairy-dav.hu\/ro\/wp-json\/wp\/v2\/pages\/1582","targetHints":{"allow":["GET"]}}],"collection":[{"href":"https:\/\/dairy-dav.hu\/ro\/wp-json\/wp\/v2\/pages"}],"about":[{"href":"https:\/\/dairy-dav.hu\/ro\/wp-json\/wp\/v2\/types\/page"}],"author":[{"embeddable":true,"href":"https:\/\/dairy-dav.hu\/ro\/wp-json\/wp\/v2\/users\/2"}],"replies":[{"embeddable":true,"href":"https:\/\/dairy-dav.hu\/ro\/wp-json\/wp\/v2\/comments?post=1582"}],"version-history":[{"count":4,"href":"https:\/\/dairy-dav.hu\/ro\/wp-json\/wp\/v2\/pages\/1582\/revisions"}],"predecessor-version":[{"id":7144,"href":"https:\/\/dairy-dav.hu\/ro\/wp-json\/wp\/v2\/pages\/1582\/revisions\/7144"}],"wp:attachment":[{"href":"https:\/\/dairy-dav.hu\/ro\/wp-json\/wp\/v2\/media?parent=1582"}],"curies":[{"name":"wp","href":"https:\/\/api.w.org\/{rel}","templated":true}]}}