{"id":5794,"date":"2022-11-02T10:08:16","date_gmt":"2022-11-02T09:08:16","guid":{"rendered":"https:\/\/dairy-dav.hu\/meridian\/"},"modified":"2024-05-30T13:56:35","modified_gmt":"2024-05-30T12:56:35","slug":"meridian","status":"publish","type":"product","link":"https:\/\/dairy-dav.hu\/ro\/meridian\/","title":{"rendered":"Fullwood Joz Meridian"},"content":{"rendered":"\n<div style=\"height:80px\" aria-hidden=\"true\" class=\"wp-block-spacer\"><\/div>\n\n\n<h2 class=\"elementor-heading-title elementor-size-default\" style=\"text-align: center;\">Az okos v\u00e1laszt\u00e1s a robotfej\u00e9shez<\/h2>\n\n\n<div style=\"height:20px\" aria-hidden=\"true\" class=\"wp-block-spacer\"><\/div>\n\n\n<p>Fejje teheneit csoportosan az M\u00b2erlin Meridian a robotfej\u00e9s el\u0151nyeit k\u00edn\u00e1lja a tehenek nagyobb k\u00e9nyelme \u00e9s a nyugodtabb fej\u00e9s \u00e9rdek\u00e9ben. Az M\u00b2erlin Meridian lehet\u0151v\u00e9 teszi a tehenek automatikus, csoportos fej\u00e9s\u00e9t, k\u00f6zvetlen fel\u00fcgyelet n\u00e9lk\u00fcl, \u00edgy az \u00d6n ideje felszabadul m\u00e1s fontos munk\u00e1kra. Amint a csoport majdnem befejezte a fej\u00e9st, a k\u00f6vetkez\u0151 csoportot be lehet hozni fej\u00e9sre. Egyedi elrendez\u00e9s\u00e9nek k\u00f6sz\u00f6nhet\u0151en az M\u00b2erlin Meridian be\u00e1ll\u00edthat\u00f3 az \u00d6n \u00e1ltal prefer\u00e1lt fej\u00e9si elrendez\u00e9shez, \u00edgy a tehenek folyamatos, az \u00d6n id\u0151beoszt\u00e1s\u00e1hoz illeszked\u0151 fej\u00e9se biztos\u00edtott. B\u00e1rmekkora is legyen a gazdas\u00e1ga, az M\u00b2erlin Meridian z\u00f6kken\u0151mentess\u00e9, hat\u00e9konny\u00e1 \u00e9s termel\u00e9kenyebb\u00e9 teszi a fej\u00e9st, a tehenek k\u00e9nyelm\u00e9nek jav\u00edt\u00e1sa \u00e9s a magasabb hozam \u00e9rdek\u00e9ben, megfizethet\u0151 \u00e1ron.<\/p>\n\n\n<div style=\"height:80px\" aria-hidden=\"true\" class=\"wp-block-spacer\"><\/div>\n\n\n\n<div class=\"wp-block-columns is-layout-flex wp-container-core-columns-is-layout-9d6595d7 wp-block-columns-is-layout-flex\">\n<div class=\"wp-block-column is-layout-flow wp-block-column-is-layout-flow\">\n<div class=\"wp-block-columns is-layout-flex wp-container-core-columns-is-layout-9d6595d7 wp-block-columns-is-layout-flex\">\n<div class=\"wp-block-column has-background is-layout-flow wp-block-column-is-layout-flow\" style=\"background-color:#f0f2f2;flex-basis:40%\">\n<div class=\"elementor-element elementor-element-4bef925 elementor-widget elementor-widget-heading\" data-id=\"4bef925\" data-element_type=\"widget\" data-widget_type=\"heading.default\">\n<div class=\"elementor-widget-container\">\n<h3 class=\"elementor-heading-title elementor-size-default\">El\u0151ny\u00f6k<\/h3>\n<\/div>\n<\/div>\n\n\n\n<div style=\"height:20px\" aria-hidden=\"true\" class=\"wp-block-spacer\"><\/div>\n\n\n\n<p>Az automatiz\u00e1lt fej\u00e9si megold\u00e1s k\u00e9nyelmesen tartja a teheneket a magasabb hozam \u00e9s hat\u00e9konys\u00e1g \u00e9rdek\u00e9ben, an\u00e9lk\u00fcl, hogy szem\u00e9lyzetre lenne sz\u00fcks\u00e9g az ist\u00e1ll\u00f3ban.<\/p>\n<ul>\n<li>Nagyobb kapacit\u00e1s boxonk\u00e9nt.<\/li>\n<li>Nincs forg\u00f3plat\u00f3, alacsony a meghib\u00e1sod\u00e1s kock\u00e1zata, \u00e9s robusztus kialak\u00edt\u00e1s\u00fa \u00e9s hossz\u00fa \u00e9lettartam\u00fa.<\/li>\n<li>Rugalmas telep\u00edt\u00e9s \u00e9s munkav\u00e9gz\u00e9s az \u00d6n egyedi ig\u00e9nyeihez igazodva.<\/li>\n<li>Megszak\u00edt\u00e1s n\u00e9lk\u00fcli fej\u00e9s felesleges megszak\u00edt\u00e1sok \u00e9s k\u00e9sedelmek n\u00e9lk\u00fcl.<\/li>\n<\/ul>\n<\/div>\n\n\n\n<div class=\"wp-block-column is-layout-flow wp-block-column-is-layout-flow\" style=\"flex-basis:5%\"><\/div>\n\n\n\n<div class=\"wp-block-column is-layout-flow wp-block-column-is-layout-flow\" style=\"flex-basis:55%\">\n<div style=\"height:40px\" aria-hidden=\"true\" class=\"wp-block-spacer\"><\/div>\n\n\n\n<div class=\"elementor-element elementor-element-4bef925 elementor-widget elementor-widget-heading\" data-id=\"4bef925\" data-element_type=\"widget\" data-widget_type=\"heading.default\">\n<div class=\"elementor-widget-container\">\n<h3 class=\"elementor-heading-title elementor-size-default\">F\u0151bb jellemz\u0151k<\/h3>\n<\/div>\n<\/div>\n\n\n\n<div style=\"height:20px\" aria-hidden=\"true\" class=\"wp-block-spacer\"><\/div>\n\n\n\n<p>Az M\u00b2erlin Meridian k\u00f6z\u00e9ppontj\u00e1ban a fejlett M\u00b2erlin robot \u00e1ll. Az M\u00b2erlin Meridian a tehenek k\u00e9nyelm\u00e9t szolg\u00e1lja a hat\u00e9konyabb fej\u00e9s \u00e9s a magasabb hozam \u00e9rdek\u00e9ben, \u00e9s gyakorlatilag egy M\u00b2erlin robotflott\u00e1t bocs\u00e1t az \u00d6n rendelkez\u00e9s\u00e9re, mindegyiknek egyedi, z\u00f6kken\u0151mentes teh\u00e9n be- \u00e9s kil\u00e9ptet\u00e9ssel.<\/p>\n<\/p>\n<p>Az M\u00b2erlin Meridian a lehet\u0151 legz\u00f6kken\u0151mentesebb \u00e9s leghat\u00e9konyabb fej\u00e9si k\u00f6rnyezetet teremti meg, b\u00e1rmilyenek is legyenek a k\u00f6r\u00fclm\u00e9nyek.<\/p>\n<\/div>\n<\/div>\n<\/div>\n<\/div>\n\n\n<div class=\"wp-block-image\">\n<figure class=\"aligncenter size-large is-resized\"><img loading=\"lazy\" decoding=\"async\" width=\"1024\" height=\"717\" src=\"https:\/\/dairy-dav.hu\/wp-content\/uploads\/2023\/02\/Fullwood-JOZ-RGB-1-1024x717.jpg\" alt=\"\" class=\"wp-image-7192\" style=\"width:480px;height:270px\" srcset=\"https:\/\/dairy-dav.hu\/wp-content\/uploads\/2023\/02\/Fullwood-JOZ-RGB-1-1024x717.jpg 1024w, https:\/\/dairy-dav.hu\/wp-content\/uploads\/2023\/02\/Fullwood-JOZ-RGB-1-600x420.jpg 600w, https:\/\/dairy-dav.hu\/wp-content\/uploads\/2023\/02\/Fullwood-JOZ-RGB-1-300x210.jpg 300w, https:\/\/dairy-dav.hu\/wp-content\/uploads\/2023\/02\/Fullwood-JOZ-RGB-1-768x538.jpg 768w, https:\/\/dairy-dav.hu\/wp-content\/uploads\/2023\/02\/Fullwood-JOZ-RGB-1-200x140.jpg 200w, https:\/\/dairy-dav.hu\/wp-content\/uploads\/2023\/02\/Fullwood-JOZ-RGB-1.jpg 1135w\" sizes=\"auto, (max-width: 1024px) 100vw, 1024px\" \/><\/figure>\n<\/div>\n\n\n<div class=\"wp-block-columns is-layout-flex wp-container-core-columns-is-layout-9d6595d7 wp-block-columns-is-layout-flex\">\n<div class=\"wp-block-column is-layout-flow wp-block-column-is-layout-flow\" style=\"flex-basis:75%\">\n<figure class=\"wp-block-image size-large is-style-default\"><img loading=\"lazy\" decoding=\"async\" width=\"1024\" height=\"576\" src=\"https:\/\/dairy-dav.hu\/wp-content\/uploads\/2022\/10\/merlin-contact-bg-1024x576.jpg\" alt=\"\" class=\"wp-image-2118\" srcset=\"https:\/\/dairy-dav.hu\/wp-content\/uploads\/2022\/10\/merlin-contact-bg-1024x576.jpg 1024w, https:\/\/dairy-dav.hu\/wp-content\/uploads\/2022\/10\/merlin-contact-bg-600x338.jpg 600w, https:\/\/dairy-dav.hu\/wp-content\/uploads\/2022\/10\/merlin-contact-bg-300x169.jpg 300w, https:\/\/dairy-dav.hu\/wp-content\/uploads\/2022\/10\/merlin-contact-bg-768x432.jpg 768w, https:\/\/dairy-dav.hu\/wp-content\/uploads\/2022\/10\/merlin-contact-bg-1536x864.jpg 1536w, https:\/\/dairy-dav.hu\/wp-content\/uploads\/2022\/10\/merlin-contact-bg-200x113.jpg 200w, https:\/\/dairy-dav.hu\/wp-content\/uploads\/2022\/10\/merlin-contact-bg-1170x658.jpg 1170w, https:\/\/dairy-dav.hu\/wp-content\/uploads\/2022\/10\/merlin-contact-bg.jpg 1600w\" sizes=\"auto, (max-width: 1024px) 100vw, 1024px\" \/><\/figure>\n<\/div>\n\n\n\n<div class=\"wp-block-column is-layout-flow wp-block-column-is-layout-flow\" style=\"flex-basis:5%\"><\/div>\n\n\n\n<div class=\"wp-block-column is-layout-flow wp-block-column-is-layout-flow\" style=\"flex-basis:25%\">\n<div style=\"height:80px\" aria-hidden=\"true\" class=\"wp-block-spacer\"><\/div>\n\n\n\n<h2 class=\"elementor-heading-title elementor-size-default\">Szeretne t\u00f6bbet megtudni a Meridian-r\u00f3l?<\/h2>\n\n\n\n<div style=\"height:80px\" aria-hidden=\"true\" class=\"wp-block-spacer\"><\/div>\n\n\n\n<div class=\"wp-block-buttons is-layout-flex wp-block-buttons-is-layout-flex\">\n<div class=\"wp-block-button\"><a class=\"wp-block-button__link wp-element-button\" href=\"https:\/\/dairy-dav.hu\/ro\/kapcsolat\/\" target=\"_blank\" rel=\"noreferrer noopener\">KAPCSOLAT<\/a><\/div>\n<\/div>\n<\/div>\n<\/div>\n\n\n\n<div style=\"height:120px\" aria-hidden=\"true\" class=\"wp-block-spacer\"><\/div>\n\n\n\n<p><\/p>\n","protected":false},"excerpt":{"rendered":"<p>Az okos v\u00e1laszt\u00e1s a robotfej\u00e9shez Fejje teheneit csoportosan az M\u00b2erlin Meridian a robotfej\u00e9s el\u0151nyeit k\u00edn\u00e1lja a tehenek nagyobb k\u00e9nyelme \u00e9s a nyugodtabb fej\u00e9s \u00e9rdek\u00e9ben. Az M\u00b2erlin Meridian lehet\u0151v\u00e9 teszi a tehenek automatikus, csoportos fej\u00e9s\u00e9t, k\u00f6zvetlen fel\u00fcgyelet n\u00e9lk\u00fcl, \u00edgy az \u00d6n ideje felszabadul m\u00e1s fontos munk\u00e1kra. Amint a csoport majdnem befejezte a fej\u00e9st, a k\u00f6vetkez\u0151 csoportot [&hellip;]<\/p>\n","protected":false},"featured_media":6815,"template":"","meta":[],"product_cat":[71],"product_tag":[511],"class_list":["post-5794","product","type-product","status-publish","has-post-thumbnail","hentry","product_cat-robot-fejes-ro","product_tag-fullwood-joz-ro"],"acf":[],"yoast_head":"<!-- This site is optimized with the Yoast SEO plugin v24.5 - https:\/\/yoast.com\/wordpress\/plugins\/seo\/ -->\n<title>Fullwood Joz Meridian - Dairy-D\u00e1v<\/title>\n<meta name=\"robots\" content=\"index, follow, max-snippet:-1, max-image-preview:large, max-video-preview:-1\" \/>\n<link rel=\"canonical\" href=\"https:\/\/dairy-dav.hu\/ro\/meridian\/\" \/>\n<meta property=\"og:locale\" content=\"ro_RO\" \/>\n<meta property=\"og:type\" content=\"article\" \/>\n<meta property=\"og:title\" content=\"Fullwood Joz Meridian - Dairy-D\u00e1v\" \/>\n<meta property=\"og:description\" content=\"Az okos v\u00e1laszt\u00e1s a robotfej\u00e9shez Fejje teheneit csoportosan az M\u00b2erlin Meridian a robotfej\u00e9s el\u0151nyeit k\u00edn\u00e1lja a tehenek nagyobb k\u00e9nyelme \u00e9s a nyugodtabb fej\u00e9s \u00e9rdek\u00e9ben. Az M\u00b2erlin Meridian lehet\u0151v\u00e9 teszi a tehenek automatikus, csoportos fej\u00e9s\u00e9t, k\u00f6zvetlen fel\u00fcgyelet n\u00e9lk\u00fcl, \u00edgy az \u00d6n ideje felszabadul m\u00e1s fontos munk\u00e1kra. Amint a csoport majdnem befejezte a fej\u00e9st, a k\u00f6vetkez\u0151 csoportot [&hellip;]\" \/>\n<meta property=\"og:url\" content=\"https:\/\/dairy-dav.hu\/ro\/meridian\/\" \/>\n<meta property=\"og:site_name\" content=\"Dairy-D\u00e1v\" \/>\n<meta property=\"article:modified_time\" content=\"2024-05-30T12:56:35+00:00\" \/>\n<meta property=\"og:image\" content=\"https:\/\/dairy-dav.hu\/wp-content\/uploads\/2022\/11\/merlin-meridian-gallery-01.jpg\" \/>\n\t<meta property=\"og:image:width\" content=\"900\" \/>\n\t<meta property=\"og:image:height\" content=\"600\" \/>\n\t<meta property=\"og:image:type\" content=\"image\/jpeg\" \/>\n<meta name=\"twitter:card\" content=\"summary_large_image\" \/>\n<meta name=\"twitter:label1\" content=\"Timp estimat pentru citire\" \/>\n\t<meta name=\"twitter:data1\" content=\"2 minute\" \/>\n<script type=\"application\/ld+json\" class=\"yoast-schema-graph\">{\"@context\":\"https:\/\/schema.org\",\"@graph\":[{\"@type\":\"WebPage\",\"@id\":\"https:\/\/dairy-dav.hu\/ro\/meridian\/\",\"url\":\"https:\/\/dairy-dav.hu\/ro\/meridian\/\",\"name\":\"Fullwood Joz Meridian - Dairy-D\u00e1v\",\"isPartOf\":{\"@id\":\"https:\/\/dairy-dav.hu\/#website\"},\"primaryImageOfPage\":{\"@id\":\"https:\/\/dairy-dav.hu\/ro\/meridian\/#primaryimage\"},\"image\":{\"@id\":\"https:\/\/dairy-dav.hu\/ro\/meridian\/#primaryimage\"},\"thumbnailUrl\":\"https:\/\/dairy-dav.hu\/wp-content\/uploads\/2022\/11\/merlin-meridian-gallery-01.jpg\",\"datePublished\":\"2022-11-02T09:08:16+00:00\",\"dateModified\":\"2024-05-30T12:56:35+00:00\",\"breadcrumb\":{\"@id\":\"https:\/\/dairy-dav.hu\/ro\/meridian\/#breadcrumb\"},\"inLanguage\":\"ro-RO\",\"potentialAction\":[{\"@type\":\"ReadAction\",\"target\":[\"https:\/\/dairy-dav.hu\/ro\/meridian\/\"]}]},{\"@type\":\"ImageObject\",\"inLanguage\":\"ro-RO\",\"@id\":\"https:\/\/dairy-dav.hu\/ro\/meridian\/#primaryimage\",\"url\":\"https:\/\/dairy-dav.hu\/wp-content\/uploads\/2022\/11\/merlin-meridian-gallery-01.jpg\",\"contentUrl\":\"https:\/\/dairy-dav.hu\/wp-content\/uploads\/2022\/11\/merlin-meridian-gallery-01.jpg\",\"width\":900,\"height\":600},{\"@type\":\"BreadcrumbList\",\"@id\":\"https:\/\/dairy-dav.hu\/ro\/meridian\/#breadcrumb\",\"itemListElement\":[{\"@type\":\"ListItem\",\"position\":1,\"name\":\"Kezd\u0151lap\",\"item\":\"https:\/\/dairy-dav.hu\/ro\/\"},{\"@type\":\"ListItem\",\"position\":2,\"name\":\"\u00dczlet\",\"item\":\"https:\/\/dairy-dav.hu\/?page_id=1076\"},{\"@type\":\"ListItem\",\"position\":3,\"name\":\"Fullwood Joz Meridian\"}]},{\"@type\":\"WebSite\",\"@id\":\"https:\/\/dairy-dav.hu\/#website\",\"url\":\"https:\/\/dairy-dav.hu\/\",\"name\":\"Dairy-D\u00e1v\",\"description\":\"Dairy-D\u00e1v Kft.\",\"potentialAction\":[{\"@type\":\"SearchAction\",\"target\":{\"@type\":\"EntryPoint\",\"urlTemplate\":\"https:\/\/dairy-dav.hu\/?s={search_term_string}\"},\"query-input\":{\"@type\":\"PropertyValueSpecification\",\"valueRequired\":true,\"valueName\":\"search_term_string\"}}],\"inLanguage\":\"ro-RO\"}]}<\/script>\n<!-- \/ Yoast SEO plugin. -->","yoast_head_json":{"title":"Fullwood Joz Meridian - Dairy-D\u00e1v","robots":{"index":"index","follow":"follow","max-snippet":"max-snippet:-1","max-image-preview":"max-image-preview:large","max-video-preview":"max-video-preview:-1"},"canonical":"https:\/\/dairy-dav.hu\/ro\/meridian\/","og_locale":"ro_RO","og_type":"article","og_title":"Fullwood Joz Meridian - Dairy-D\u00e1v","og_description":"Az okos v\u00e1laszt\u00e1s a robotfej\u00e9shez Fejje teheneit csoportosan az M\u00b2erlin Meridian a robotfej\u00e9s el\u0151nyeit k\u00edn\u00e1lja a tehenek nagyobb k\u00e9nyelme \u00e9s a nyugodtabb fej\u00e9s \u00e9rdek\u00e9ben. Az M\u00b2erlin Meridian lehet\u0151v\u00e9 teszi a tehenek automatikus, csoportos fej\u00e9s\u00e9t, k\u00f6zvetlen fel\u00fcgyelet n\u00e9lk\u00fcl, \u00edgy az \u00d6n ideje felszabadul m\u00e1s fontos munk\u00e1kra. Amint a csoport majdnem befejezte a fej\u00e9st, a k\u00f6vetkez\u0151 csoportot [&hellip;]","og_url":"https:\/\/dairy-dav.hu\/ro\/meridian\/","og_site_name":"Dairy-D\u00e1v","article_modified_time":"2024-05-30T12:56:35+00:00","og_image":[{"width":900,"height":600,"url":"https:\/\/dairy-dav.hu\/wp-content\/uploads\/2022\/11\/merlin-meridian-gallery-01.jpg","type":"image\/jpeg"}],"twitter_card":"summary_large_image","twitter_misc":{"Timp estimat pentru citire":"2 minute"},"schema":{"@context":"https:\/\/schema.org","@graph":[{"@type":"WebPage","@id":"https:\/\/dairy-dav.hu\/ro\/meridian\/","url":"https:\/\/dairy-dav.hu\/ro\/meridian\/","name":"Fullwood Joz Meridian - Dairy-D\u00e1v","isPartOf":{"@id":"https:\/\/dairy-dav.hu\/#website"},"primaryImageOfPage":{"@id":"https:\/\/dairy-dav.hu\/ro\/meridian\/#primaryimage"},"image":{"@id":"https:\/\/dairy-dav.hu\/ro\/meridian\/#primaryimage"},"thumbnailUrl":"https:\/\/dairy-dav.hu\/wp-content\/uploads\/2022\/11\/merlin-meridian-gallery-01.jpg","datePublished":"2022-11-02T09:08:16+00:00","dateModified":"2024-05-30T12:56:35+00:00","breadcrumb":{"@id":"https:\/\/dairy-dav.hu\/ro\/meridian\/#breadcrumb"},"inLanguage":"ro-RO","potentialAction":[{"@type":"ReadAction","target":["https:\/\/dairy-dav.hu\/ro\/meridian\/"]}]},{"@type":"ImageObject","inLanguage":"ro-RO","@id":"https:\/\/dairy-dav.hu\/ro\/meridian\/#primaryimage","url":"https:\/\/dairy-dav.hu\/wp-content\/uploads\/2022\/11\/merlin-meridian-gallery-01.jpg","contentUrl":"https:\/\/dairy-dav.hu\/wp-content\/uploads\/2022\/11\/merlin-meridian-gallery-01.jpg","width":900,"height":600},{"@type":"BreadcrumbList","@id":"https:\/\/dairy-dav.hu\/ro\/meridian\/#breadcrumb","itemListElement":[{"@type":"ListItem","position":1,"name":"Kezd\u0151lap","item":"https:\/\/dairy-dav.hu\/ro\/"},{"@type":"ListItem","position":2,"name":"\u00dczlet","item":"https:\/\/dairy-dav.hu\/?page_id=1076"},{"@type":"ListItem","position":3,"name":"Fullwood Joz Meridian"}]},{"@type":"WebSite","@id":"https:\/\/dairy-dav.hu\/#website","url":"https:\/\/dairy-dav.hu\/","name":"Dairy-D\u00e1v","description":"Dairy-D\u00e1v Kft.","potentialAction":[{"@type":"SearchAction","target":{"@type":"EntryPoint","urlTemplate":"https:\/\/dairy-dav.hu\/?s={search_term_string}"},"query-input":{"@type":"PropertyValueSpecification","valueRequired":true,"valueName":"search_term_string"}}],"inLanguage":"ro-RO"}]}},"_links":{"self":[{"href":"https:\/\/dairy-dav.hu\/ro\/wp-json\/wp\/v2\/product\/5794","targetHints":{"allow":["GET"]}}],"collection":[{"href":"https:\/\/dairy-dav.hu\/ro\/wp-json\/wp\/v2\/product"}],"about":[{"href":"https:\/\/dairy-dav.hu\/ro\/wp-json\/wp\/v2\/types\/product"}],"wp:featuredmedia":[{"embeddable":true,"href":"https:\/\/dairy-dav.hu\/ro\/wp-json\/wp\/v2\/media\/6815"}],"wp:attachment":[{"href":"https:\/\/dairy-dav.hu\/ro\/wp-json\/wp\/v2\/media?parent=5794"}],"wp:term":[{"taxonomy":"product_cat","embeddable":true,"href":"https:\/\/dairy-dav.hu\/ro\/wp-json\/wp\/v2\/product_cat?post=5794"},{"taxonomy":"product_tag","embeddable":true,"href":"https:\/\/dairy-dav.hu\/ro\/wp-json\/wp\/v2\/product_tag?post=5794"}],"curies":[{"name":"wp","href":"https:\/\/api.w.org\/{rel}","templated":true}]}}