{"id":5796,"date":"2022-10-20T08:53:21","date_gmt":"2022-10-20T07:53:21","guid":{"rendered":"https:\/\/dairy-dav.hu\/merlin\/"},"modified":"2023-03-01T13:26:49","modified_gmt":"2023-03-01T12:26:49","slug":"merlin","status":"publish","type":"product","link":"https:\/\/dairy-dav.hu\/ro\/merlin\/","title":{"rendered":"Fullwood Joz Merlin"},"content":{"rendered":"\n<div style=\"height:80px\" aria-hidden=\"true\" class=\"wp-block-spacer\"><\/div>\n\n\n<h2 class=\"elementor-heading-title elementor-size-default\" style=\"text-align: center;\">Az okos v\u00e1laszt\u00e1s a robotfej\u00e9shez<\/h2>\n\n\n<div style=\"height:20px\" aria-hidden=\"true\" class=\"wp-block-spacer\"><\/div>\n\n\n<p>Az M\u00b2erlin-t \u00fagy tervezt\u00e9k, hogy tehenei nyugodtak \u00e9s termel\u00e9kenyek maradjanak, \u00e9s intelligens fejleszt\u00e9sekkel korszer\u0171s\u00edti a fej\u00e9si k\u00f6rnyezetet. A hihetetlen\u00fcl csendes elektromos karral, HMI \u00e9rint\u0151k\u00e9perny\u0151vel \u00e9s az egyed\u00fcl\u00e1ll\u00f3 K-Flow integr\u00e1lt teh\u00e9nforgalommal az M\u00b2erlin csendes \u00e9s stresszmentes fej\u00e9st tesz lehet\u0151v\u00e9, term\u00e9szetes bel\u00e9p\u00e9ssel \u00e9s k\u00f6nny\u0171 teh\u00e9n\u00e1raml\u00e1ssal. Mit jelent mindez? Csendes \u00e9s nyugodt k\u00f6rnyezetet, amely a tehenek sz\u00e1m\u00e1ra a fej\u00e9s minden szakasz\u00e1ban k\u00e9nyelmes. Az eredm\u00e9ny jobb fej\u00e9s \u00e9s magasabb hozam. Az M\u00b2erlin nyugodtabb\u00e1 teszi a fej\u00e9st a tehenek sz\u00e1m\u00e1ra \u00e9s j\u00f6vedelmez\u0151bb\u00e9 az \u00d6n sz\u00e1m\u00e1ra.<\/p>\n\n\n<div style=\"height:80px\" aria-hidden=\"true\" class=\"wp-block-spacer\"><\/div>\n\n\n\n<div class=\"wp-block-columns is-layout-flex wp-container-core-columns-is-layout-9d6595d7 wp-block-columns-is-layout-flex\">\n<div class=\"wp-block-column is-layout-flow wp-block-column-is-layout-flow\">\n<div class=\"wp-block-columns is-layout-flex wp-container-core-columns-is-layout-9d6595d7 wp-block-columns-is-layout-flex\">\n<div class=\"wp-block-column has-background is-layout-flow wp-block-column-is-layout-flow\" style=\"background-color:#f0f2f2;flex-basis:40%\">\n<div class=\"elementor-element elementor-element-4bef925 elementor-widget elementor-widget-heading\" data-id=\"4bef925\" data-element_type=\"widget\" data-widget_type=\"heading.default\">\n<div class=\"elementor-widget-container\">\n<h3 class=\"elementor-heading-title elementor-size-default\">El\u0151ny\u00f6k:<\/h3>\n<\/div>\n<\/div>\n\n\n\n<div style=\"height:20px\" aria-hidden=\"true\" class=\"wp-block-spacer\"><\/div>\n\n\n\n<p>Az M\u00b2erlin teljes rugalmass\u00e1got \u00e9s kisz\u00e1m\u00edthat\u00f3 eredm\u00e9nyeket k\u00edn\u00e1l minden gazdas\u00e1g sz\u00e1m\u00e1ra, legyen az kicsi vagy nagy. A fej\u00e9s modern m\u00f3dja kevesebb stressz mellett magasabb hozamot biztos\u00edt.<\/p>\n<ul>\n<li>Nyugodt k\u00f6rnyezet a tehenek sz\u00e1m\u00e1ra, ami magasabb hozamot eredm\u00e9nyez.<\/li>\n<li>Mindig kiv\u00e1l\u00f3 min\u0151s\u00e9g\u0171 tejet biztos\u00edt a tart\u00e1lyban.<\/li>\n<li>A csendes k\u00f6rnyezet megk\u00f6nny\u00edti a tehenek megfigyel\u00e9s\u00e9t \u00e9s ir\u00e1ny\u00edt\u00e1s\u00e1t.<\/li>\n<li>Kiv\u00e1l\u00f3 megt\u00e9r\u00fcl\u00e9s az energiahat\u00e9konys\u00e1gnak \u00e9s a robusztus, hossz\u00fa \u00e9lettartam\u00fa kialak\u00edt\u00e1snak k\u00f6sz\u00f6nhet\u0151en.<\/li>\n<li>A telep\u00edt\u00e9s \u00e9s a teh\u00e9nforgalom rugalmas megk\u00f6zel\u00edt\u00e9se a gazdas\u00e1g\u00e1nak megfelel\u0151en.<\/li>\n<li>Intelligens gazdas\u00e1gir\u00e1ny\u00edt\u00e1s a munka \u00e9s a mag\u00e1n\u00e9let jobb egyens\u00falya \u00e9s az ellen\u0151rz\u00e9s \u00e9rdek\u00e9ben.<\/li>\n<\/ul>\n<\/div>\n\n\n\n<div class=\"wp-block-column is-layout-flow wp-block-column-is-layout-flow\" style=\"flex-basis:5%\"><\/div>\n\n\n\n<div class=\"wp-block-column is-layout-flow wp-block-column-is-layout-flow\" style=\"flex-basis:55%\">\n<div style=\"height:40px\" aria-hidden=\"true\" class=\"wp-block-spacer\"><\/div>\n\n\n\n<div class=\"elementor-element elementor-element-4bef925 elementor-widget elementor-widget-heading\" data-id=\"4bef925\" data-element_type=\"widget\" data-widget_type=\"heading.default\">\n<div class=\"elementor-widget-container\">\n<h3 class=\"elementor-heading-title elementor-size-default\">F\u0151bb jellemz\u0151k<\/h3>\n<\/div>\n<\/div>\n\n\n\n<div style=\"height:20px\" aria-hidden=\"true\" class=\"wp-block-spacer\"><\/div>\n\n\n\n<p>Nincs m\u00e9g egy olyan robotfej\u0151, mint az M\u00b2erlin. Olyan robusztus, innovat\u00edv funkci\u00f3kkal rendelkezik, amelyek \u00e1talak\u00edthatj\u00e1k az \u00d6n fej\u00e9si m\u00f3dszer\u00e9t;<\/p>\n<ul>\n<li>Az M\u00b2erlin robotkar nem s\u0171r\u00edtett leveg\u0151vel m\u0171k\u00f6dik, hanem elektromos meghajt\u00e1ssal, \u00edgy a m\u0171k\u00f6d\u00e9s suttog\u00f3an csendes \u00e9s pihentet\u0151bb a tehenek sz\u00e1m\u00e1ra fej\u00e9s k\u00f6zben.<\/li>\n<li>A k\u00e9nyelmes, szell\u0151s box minden teh\u00e9nm\u00e9rethez illeszkedik, cs\u00f6kkentve a tehenek fej\u00e9s k\u00f6zbeni izgalm\u00e1t.<\/li>\n<li>A Fullwood Packo FullCount megb\u00edzhat\u00f3an meghat\u00e1rozza a szomatikus sejtsz\u00e1mot, \u00e9s a FullQuest \u00e9s a CrystaLab rendszerrel egy\u00fctt m\u0171k\u00f6dik a tehenek teljes k\u00f6r\u0171 eg\u00e9szs\u00e9g\u00fcgyi monitoroz\u00e1s\u00e1hoz.<\/li>\n<li>Az M\u00b2erlin az energiahat\u00e9konys\u00e1got helyezi el\u0151t\u00e9rbe, mindig alacsony energiafogyaszt\u00e1ssal.<\/li>\n<li>A HMI \u00e9rint\u0151k\u00e9perny\u0151 (Human Machine Interface) lehet\u0151v\u00e9 teszi a fontos adatok el\u00e9r\u00e9s\u00e9t, \u00e9s a fej\u00e9s minden szakasz\u00e1ban vil\u00e1gos \u00e1ttekint\u00e9st ny\u00fajt a g\u00e9p aktu\u00e1lis \u00e1llapot\u00e1r\u00f3l.<\/li>\n<li>Az egyed\u00fcl\u00e1ll\u00f3 etet\u0151kos\u00e1r a fej\u00e9s sor\u00e1n kiny\u00edlik, \u00e9s a fej\u00e9s befejezt\u00e9vel bez\u00e1r\u00f3dik, miel\u0151tt az ajt\u00f3 kiny\u00edlik a teh\u00e9n elenged\u00e9s\u00e9hez, ami n\u00f6veli a kij\u00e1r\u00e1si sebess\u00e9get, \u00e9s napi t\u00f6bb fej\u00e9st eredm\u00e9nyez.<\/li>\n<\/ul>\n<\/div>\n<\/div>\n<\/div>\n<\/div>\n\n\n<div class=\"wp-block-image\">\n<figure class=\"aligncenter size-large is-resized\"><img loading=\"lazy\" decoding=\"async\" src=\"https:\/\/dairy-dav.hu\/wp-content\/uploads\/2023\/02\/Fullwood-JOZ-RGB-1024x717.jpg\" alt=\"\" class=\"wp-image-7189\" width=\"480\" height=\"270\"\/><\/figure>\n<\/div>\n\n\n<div class=\"wp-block-columns is-layout-flex wp-container-core-columns-is-layout-9d6595d7 wp-block-columns-is-layout-flex\">\n<div class=\"wp-block-column is-layout-flow wp-block-column-is-layout-flow\" style=\"flex-basis:75%\">\n<figure class=\"wp-block-image size-large is-style-default\"><img loading=\"lazy\" decoding=\"async\" width=\"1024\" height=\"576\" src=\"https:\/\/dairy-dav.hu\/wp-content\/uploads\/2022\/10\/merlin-contact-bg-1024x576.jpg\" alt=\"\" class=\"wp-image-2118\" srcset=\"https:\/\/dairy-dav.hu\/wp-content\/uploads\/2022\/10\/merlin-contact-bg-1024x576.jpg 1024w, https:\/\/dairy-dav.hu\/wp-content\/uploads\/2022\/10\/merlin-contact-bg-600x338.jpg 600w, https:\/\/dairy-dav.hu\/wp-content\/uploads\/2022\/10\/merlin-contact-bg-300x169.jpg 300w, https:\/\/dairy-dav.hu\/wp-content\/uploads\/2022\/10\/merlin-contact-bg-768x432.jpg 768w, https:\/\/dairy-dav.hu\/wp-content\/uploads\/2022\/10\/merlin-contact-bg-1536x864.jpg 1536w, https:\/\/dairy-dav.hu\/wp-content\/uploads\/2022\/10\/merlin-contact-bg-200x113.jpg 200w, https:\/\/dairy-dav.hu\/wp-content\/uploads\/2022\/10\/merlin-contact-bg-1170x658.jpg 1170w, https:\/\/dairy-dav.hu\/wp-content\/uploads\/2022\/10\/merlin-contact-bg.jpg 1600w\" sizes=\"auto, (max-width: 1024px) 100vw, 1024px\" \/><\/figure>\n<\/div>\n\n\n\n<div class=\"wp-block-column is-layout-flow wp-block-column-is-layout-flow\" style=\"flex-basis:5%\"><\/div>\n\n\n\n<div class=\"wp-block-column is-layout-flow wp-block-column-is-layout-flow\" style=\"flex-basis:25%\">\n<div style=\"height:80px\" aria-hidden=\"true\" class=\"wp-block-spacer\"><\/div>\n\n\n\n<h2 class=\"elementor-heading-title elementor-size-default\">Szeretne t\u00f6bbet megtudni a M\u00b2erlin-r\u0151l?<\/h2>\n\n\n\n<div style=\"height:80px\" aria-hidden=\"true\" class=\"wp-block-spacer\"><\/div>\n\n\n\n<div class=\"wp-block-buttons is-layout-flex wp-block-buttons-is-layout-flex\">\n<div class=\"wp-block-button\"><a class=\"wp-block-button__link wp-element-button\" href=\"https:\/\/dairy-dav.hu\/ro\/kapcsolat\/\" target=\"_blank\" rel=\"noreferrer noopener\">KAPCSOLAT<\/a><\/div>\n<\/div>\n<\/div>\n<\/div>\n\n\n\n<div style=\"height:120px\" aria-hidden=\"true\" class=\"wp-block-spacer\"><\/div>\n\n\n\n<p><\/p>\n","protected":false},"excerpt":{"rendered":"<p>Term\u00e9k r\u00f6vid le\u00edr\u00e1sa<\/p>\n","protected":false},"featured_media":1974,"template":"","meta":[],"product_cat":[71],"product_tag":[511],"class_list":["post-5796","product","type-product","status-publish","has-post-thumbnail","hentry","product_cat-robot-fejes-ro","product_tag-fullwood-joz-ro"],"acf":[],"yoast_head":"<!-- This site is optimized with the Yoast SEO plugin v24.5 - https:\/\/yoast.com\/wordpress\/plugins\/seo\/ -->\n<title>Fullwood Joz Merlin - Dairy-D\u00e1v<\/title>\n<meta name=\"robots\" content=\"index, follow, max-snippet:-1, max-image-preview:large, max-video-preview:-1\" \/>\n<link rel=\"canonical\" href=\"https:\/\/dairy-dav.hu\/ro\/merlin\/\" \/>\n<meta property=\"og:locale\" content=\"ro_RO\" \/>\n<meta property=\"og:type\" content=\"article\" \/>\n<meta property=\"og:title\" content=\"Fullwood Joz Merlin - Dairy-D\u00e1v\" \/>\n<meta property=\"og:description\" content=\"Term\u00e9k r\u00f6vid le\u00edr\u00e1sa\" \/>\n<meta property=\"og:url\" content=\"https:\/\/dairy-dav.hu\/ro\/merlin\/\" \/>\n<meta property=\"og:site_name\" content=\"Dairy-D\u00e1v\" \/>\n<meta property=\"article:modified_time\" content=\"2023-03-01T12:26:49+00:00\" \/>\n<meta property=\"og:image\" content=\"https:\/\/dairy-dav.hu\/wp-content\/uploads\/2022\/10\/merlin-gallery-01.jpg\" \/>\n\t<meta property=\"og:image:width\" content=\"900\" \/>\n\t<meta property=\"og:image:height\" content=\"600\" \/>\n\t<meta property=\"og:image:type\" content=\"image\/jpeg\" \/>\n<meta name=\"twitter:card\" content=\"summary_large_image\" \/>\n<meta name=\"twitter:label1\" content=\"Timp estimat pentru citire\" \/>\n\t<meta name=\"twitter:data1\" content=\"3 minute\" \/>\n<script type=\"application\/ld+json\" class=\"yoast-schema-graph\">{\"@context\":\"https:\/\/schema.org\",\"@graph\":[{\"@type\":\"WebPage\",\"@id\":\"https:\/\/dairy-dav.hu\/ro\/merlin\/\",\"url\":\"https:\/\/dairy-dav.hu\/ro\/merlin\/\",\"name\":\"Fullwood Joz Merlin - Dairy-D\u00e1v\",\"isPartOf\":{\"@id\":\"https:\/\/dairy-dav.hu\/#website\"},\"primaryImageOfPage\":{\"@id\":\"https:\/\/dairy-dav.hu\/ro\/merlin\/#primaryimage\"},\"image\":{\"@id\":\"https:\/\/dairy-dav.hu\/ro\/merlin\/#primaryimage\"},\"thumbnailUrl\":\"https:\/\/dairy-dav.hu\/wp-content\/uploads\/2022\/10\/merlin-gallery-01.jpg\",\"datePublished\":\"2022-10-20T07:53:21+00:00\",\"dateModified\":\"2023-03-01T12:26:49+00:00\",\"breadcrumb\":{\"@id\":\"https:\/\/dairy-dav.hu\/ro\/merlin\/#breadcrumb\"},\"inLanguage\":\"ro-RO\",\"potentialAction\":[{\"@type\":\"ReadAction\",\"target\":[\"https:\/\/dairy-dav.hu\/ro\/merlin\/\"]}]},{\"@type\":\"ImageObject\",\"inLanguage\":\"ro-RO\",\"@id\":\"https:\/\/dairy-dav.hu\/ro\/merlin\/#primaryimage\",\"url\":\"https:\/\/dairy-dav.hu\/wp-content\/uploads\/2022\/10\/merlin-gallery-01.jpg\",\"contentUrl\":\"https:\/\/dairy-dav.hu\/wp-content\/uploads\/2022\/10\/merlin-gallery-01.jpg\",\"width\":900,\"height\":600},{\"@type\":\"BreadcrumbList\",\"@id\":\"https:\/\/dairy-dav.hu\/ro\/merlin\/#breadcrumb\",\"itemListElement\":[{\"@type\":\"ListItem\",\"position\":1,\"name\":\"Kezd\u0151lap\",\"item\":\"https:\/\/dairy-dav.hu\/ro\/\"},{\"@type\":\"ListItem\",\"position\":2,\"name\":\"\u00dczlet\",\"item\":\"https:\/\/dairy-dav.hu\/?page_id=1076\"},{\"@type\":\"ListItem\",\"position\":3,\"name\":\"Fullwood Joz Merlin\"}]},{\"@type\":\"WebSite\",\"@id\":\"https:\/\/dairy-dav.hu\/#website\",\"url\":\"https:\/\/dairy-dav.hu\/\",\"name\":\"Dairy-D\u00e1v\",\"description\":\"Dairy-D\u00e1v Kft.\",\"potentialAction\":[{\"@type\":\"SearchAction\",\"target\":{\"@type\":\"EntryPoint\",\"urlTemplate\":\"https:\/\/dairy-dav.hu\/?s={search_term_string}\"},\"query-input\":{\"@type\":\"PropertyValueSpecification\",\"valueRequired\":true,\"valueName\":\"search_term_string\"}}],\"inLanguage\":\"ro-RO\"}]}<\/script>\n<!-- \/ Yoast SEO plugin. -->","yoast_head_json":{"title":"Fullwood Joz Merlin - Dairy-D\u00e1v","robots":{"index":"index","follow":"follow","max-snippet":"max-snippet:-1","max-image-preview":"max-image-preview:large","max-video-preview":"max-video-preview:-1"},"canonical":"https:\/\/dairy-dav.hu\/ro\/merlin\/","og_locale":"ro_RO","og_type":"article","og_title":"Fullwood Joz Merlin - Dairy-D\u00e1v","og_description":"Term\u00e9k r\u00f6vid le\u00edr\u00e1sa","og_url":"https:\/\/dairy-dav.hu\/ro\/merlin\/","og_site_name":"Dairy-D\u00e1v","article_modified_time":"2023-03-01T12:26:49+00:00","og_image":[{"width":900,"height":600,"url":"https:\/\/dairy-dav.hu\/wp-content\/uploads\/2022\/10\/merlin-gallery-01.jpg","type":"image\/jpeg"}],"twitter_card":"summary_large_image","twitter_misc":{"Timp estimat pentru citire":"3 minute"},"schema":{"@context":"https:\/\/schema.org","@graph":[{"@type":"WebPage","@id":"https:\/\/dairy-dav.hu\/ro\/merlin\/","url":"https:\/\/dairy-dav.hu\/ro\/merlin\/","name":"Fullwood Joz Merlin - Dairy-D\u00e1v","isPartOf":{"@id":"https:\/\/dairy-dav.hu\/#website"},"primaryImageOfPage":{"@id":"https:\/\/dairy-dav.hu\/ro\/merlin\/#primaryimage"},"image":{"@id":"https:\/\/dairy-dav.hu\/ro\/merlin\/#primaryimage"},"thumbnailUrl":"https:\/\/dairy-dav.hu\/wp-content\/uploads\/2022\/10\/merlin-gallery-01.jpg","datePublished":"2022-10-20T07:53:21+00:00","dateModified":"2023-03-01T12:26:49+00:00","breadcrumb":{"@id":"https:\/\/dairy-dav.hu\/ro\/merlin\/#breadcrumb"},"inLanguage":"ro-RO","potentialAction":[{"@type":"ReadAction","target":["https:\/\/dairy-dav.hu\/ro\/merlin\/"]}]},{"@type":"ImageObject","inLanguage":"ro-RO","@id":"https:\/\/dairy-dav.hu\/ro\/merlin\/#primaryimage","url":"https:\/\/dairy-dav.hu\/wp-content\/uploads\/2022\/10\/merlin-gallery-01.jpg","contentUrl":"https:\/\/dairy-dav.hu\/wp-content\/uploads\/2022\/10\/merlin-gallery-01.jpg","width":900,"height":600},{"@type":"BreadcrumbList","@id":"https:\/\/dairy-dav.hu\/ro\/merlin\/#breadcrumb","itemListElement":[{"@type":"ListItem","position":1,"name":"Kezd\u0151lap","item":"https:\/\/dairy-dav.hu\/ro\/"},{"@type":"ListItem","position":2,"name":"\u00dczlet","item":"https:\/\/dairy-dav.hu\/?page_id=1076"},{"@type":"ListItem","position":3,"name":"Fullwood Joz Merlin"}]},{"@type":"WebSite","@id":"https:\/\/dairy-dav.hu\/#website","url":"https:\/\/dairy-dav.hu\/","name":"Dairy-D\u00e1v","description":"Dairy-D\u00e1v Kft.","potentialAction":[{"@type":"SearchAction","target":{"@type":"EntryPoint","urlTemplate":"https:\/\/dairy-dav.hu\/?s={search_term_string}"},"query-input":{"@type":"PropertyValueSpecification","valueRequired":true,"valueName":"search_term_string"}}],"inLanguage":"ro-RO"}]}},"_links":{"self":[{"href":"https:\/\/dairy-dav.hu\/ro\/wp-json\/wp\/v2\/product\/5796","targetHints":{"allow":["GET"]}}],"collection":[{"href":"https:\/\/dairy-dav.hu\/ro\/wp-json\/wp\/v2\/product"}],"about":[{"href":"https:\/\/dairy-dav.hu\/ro\/wp-json\/wp\/v2\/types\/product"}],"wp:featuredmedia":[{"embeddable":true,"href":"https:\/\/dairy-dav.hu\/ro\/wp-json\/wp\/v2\/media\/1974"}],"wp:attachment":[{"href":"https:\/\/dairy-dav.hu\/ro\/wp-json\/wp\/v2\/media?parent=5796"}],"wp:term":[{"taxonomy":"product_cat","embeddable":true,"href":"https:\/\/dairy-dav.hu\/ro\/wp-json\/wp\/v2\/product_cat?post=5796"},{"taxonomy":"product_tag","embeddable":true,"href":"https:\/\/dairy-dav.hu\/ro\/wp-json\/wp\/v2\/product_tag?post=5796"}],"curies":[{"name":"wp","href":"https:\/\/api.w.org\/{rel}","templated":true}]}}